{"id":12232,"date":"2014-11-19T15:14:03","date_gmt":"2014-11-19T15:14:03","guid":{"rendered":"http:\/\/domainepinegrove.com\/accueil\/?lang=en"},"modified":"2024-01-23T13:54:12","modified_gmt":"2024-01-23T18:54:12","slug":"accueil","status":"publish","type":"page","link":"http:\/\/domainepinegrove.com\/en\/","title":{"rendered":"Home"},"content":{"rendered":"<div class=\"fusion-bg-parallax\" data-bg-align=\"left top\" data-direction=\"up\" data-mute=\"false\" data-opacity=\"100\" data-velocity=\"-0.4\" data-mobile-enabled=\"false\" data-break_parents=\"0\" data-bg-image=\"https:\/\/domainepinegrove.com\/wp-content\/uploads\/2018\/04\/bg_domaine_pine_grove_ete_2018.jpg\" data-bg-repeat=\"false\" ><\/div><div class=\"fusion-fullwidth fullwidth-box fusion-builder-row-1 fusion-parallax-up nonhundred-percent-fullwidth non-hundred-percent-height-scrolling\" style=\"--awb-background-position:left top;--awb-border-sizes-top:0px;--awb-border-sizes-bottom:0px;--awb-border-sizes-left:0px;--awb-border-sizes-right:0px;--awb-border-radius-top-left:0px;--awb-border-radius-top-right:0px;--awb-border-radius-bottom-right:0px;--awb-border-radius-bottom-left:0px;--awb-padding-top:25px;--awb-padding-bottom:0px;--awb-background-image:url(&quot;https:\/\/domainepinegrove.com\/wp-content\/uploads\/2018\/04\/bg_domaine_pine_grove_ete_2018.jpg&quot;);--awb-background-size:cover;--awb-flex-wrap:wrap;\" ><div class=\"fusion-builder-row fusion-row\"><div class=\"fusion-layout-column fusion_builder_column fusion-builder-column-0 fusion_builder_column_1_1 1_1 fusion-one-full fusion-column-first fusion-column-last fusion-column-no-min-height\" style=\"--awb-bg-size:cover;--awb-margin-bottom:0px;\"><div class=\"fusion-column-wrapper fusion-flex-column-wrapper-legacy\"><div class=\"fusion-text fusion-text-1\" style=\"--awb-text-transform:none;\"><h1 style=\"text-align: center; font-size: 60px; line-height: 70px;\"><span style=\"color: #fff; font-weight: 500;\">Bienvenue \u2013 Welcome<\/span><\/h1>\n<\/div><div class=\"fusion-sep-clear\"><\/div><div class=\"fusion-separator fusion-full-width-sep\" style=\"margin-left: auto;margin-right: auto;margin-top:-10px;margin-bottom:-10px;width:100%;\"><\/div><div class=\"fusion-sep-clear\"><\/div><div class=\"fusion-image-element in-legacy-container\" style=\"--awb-caption-title-font-family:var(--h2_typography-font-family);--awb-caption-title-font-weight:var(--h2_typography-font-weight);--awb-caption-title-font-style:var(--h2_typography-font-style);--awb-caption-title-size:var(--h2_typography-font-size);--awb-caption-title-transform:var(--h2_typography-text-transform);--awb-caption-title-line-height:var(--h2_typography-line-height);--awb-caption-title-letter-spacing:var(--h2_typography-letter-spacing);\"><span class=\" fusion-imageframe imageframe-none imageframe-1 hover-type-none\"><img decoding=\"async\" width=\"1100\" height=\"426\" title=\"ete_2018_domaine_pine_grove\" src=\"https:\/\/domainepinegrove.com\/wp-content\/uploads\/2018\/04\/ete_2018_domaine_pine_grove.png\" alt class=\"img-responsive wp-image-12656\" srcset=\"http:\/\/domainepinegrove.com\/wp-content\/uploads\/2018\/04\/ete_2018_domaine_pine_grove-200x77.png 200w, http:\/\/domainepinegrove.com\/wp-content\/uploads\/2018\/04\/ete_2018_domaine_pine_grove-400x155.png 400w, http:\/\/domainepinegrove.com\/wp-content\/uploads\/2018\/04\/ete_2018_domaine_pine_grove-600x232.png 600w, http:\/\/domainepinegrove.com\/wp-content\/uploads\/2018\/04\/ete_2018_domaine_pine_grove-800x310.png 800w, http:\/\/domainepinegrove.com\/wp-content\/uploads\/2018\/04\/ete_2018_domaine_pine_grove.png 1100w\" sizes=\"(max-width: 800px) 100vw, 1100px\" \/><\/span><\/div><div class=\"fusion-clearfix\"><\/div><\/div><\/div><\/div><\/div><div class=\"fusion-fullwidth fullwidth-box fusion-builder-row-2 nonhundred-percent-fullwidth non-hundred-percent-height-scrolling\" style=\"--awb-background-position:left top;--awb-border-sizes-top:0px;--awb-border-sizes-bottom:0px;--awb-border-sizes-left:0px;--awb-border-sizes-right:0px;--awb-border-radius-top-left:0px;--awb-border-radius-top-right:0px;--awb-border-radius-bottom-right:0px;--awb-border-radius-bottom-left:0px;--awb-padding-top:30px;--awb-padding-bottom:30px;--awb-background-color:#05683a;--awb-flex-wrap:wrap;\" id=\"titre_accueil_vert\" ><div class=\"fusion-builder-row fusion-row\"><div class=\"fusion-layout-column fusion_builder_column fusion-builder-column-1 fusion_builder_column_1_1 1_1 fusion-one-full fusion-column-first fusion-column-last fusion-column-no-min-height\" style=\"--awb-bg-size:cover;--awb-margin-bottom:0px;\"><div class=\"fusion-column-wrapper fusion-flex-column-wrapper-legacy\"><div class=\"fusion-text fusion-text-2\"><h1 style=\"color: #fff; text-align: center;\">Looking for a secluded place, away from the hassle of the city?<\/h1>\n<\/div><div class=\"fusion-clearfix\"><\/div><\/div><\/div><\/div><\/div><div class=\"fusion-fullwidth fullwidth-box fusion-builder-row-3 nonhundred-percent-fullwidth non-hundred-percent-height-scrolling\" style=\"--awb-background-position:left top;--awb-border-sizes-top:0px;--awb-border-sizes-bottom:0px;--awb-border-sizes-left:0px;--awb-border-sizes-right:0px;--awb-border-radius-top-left:0px;--awb-border-radius-top-right:0px;--awb-border-radius-bottom-right:0px;--awb-border-radius-bottom-left:0px;--awb-padding-top:40px;--awb-padding-bottom:0px;--awb-flex-wrap:wrap;\" ><div class=\"fusion-builder-row fusion-row\"><div class=\"fusion-layout-column fusion_builder_column fusion-builder-column-2 fusion_builder_column_1_1 1_1 fusion-one-full fusion-column-first fusion-column-last fusion-column-no-min-height\" style=\"--awb-bg-size:cover;--awb-margin-bottom:0px;\"><div class=\"fusion-column-wrapper fusion-flex-column-wrapper-legacy\"><div class=\"fusion-text fusion-text-3\"><h2 style=\"text-align: center; font-size: 30px; line-height: 40px;\">Domaine Pine Grove is located at the entrance<br \/>\nof an uninhabited peninsula of \u00a0<span style=\"color: #000;\"><strong>350<\/strong><\/span> hectares<\/h2>\n<\/div><div class=\"fusion-text fusion-text-4\"><p style=\"text-align: center; font-size: 18px; line-height: 29px;\">We are bordered by two natural lakes that are part of the Baskatong, a huge reservoir of 320 km2. Sheltered in the Bay Philom\u00e8ne with all amenities, our location will guarantee you peace and privacy to make your stay enjoyable.<\/p>\n<p style=\"text-align: center; font-size: 18px; line-height: 29px;\">A year round destination for the outdoor enthusiasts!<\/p>\n<\/div><div class=\"fusion-clearfix\"><\/div><\/div><\/div><div class=\"fusion-layout-column fusion_builder_column fusion-builder-column-3 fusion_builder_column_1_2 1_2 fusion-one-half fusion-column-first\" style=\"--awb-bg-size:cover;width:48%; margin-right: 4%;\"><div class=\"fusion-column-wrapper fusion-flex-column-wrapper-legacy\"><ul style=\"--awb-size:15px;--awb-iconcolor:#fbd123;--awb-line-height:25.5px;--awb-icon-width:25.5px;--awb-icon-height:25.5px;--awb-icon-margin:10.5px;--awb-content-margin:36px;--awb-circlecolor:#05683a;--awb-circle-yes-font-size:13.2px;\" class=\"fusion-checklist fusion-checklist-1 fusion-checklist-default type-icons\"><li class=\"fusion-li-item\" style=\"\"><span class=\"icon-wrapper circle-yes\"><i class=\"fusion-li-icon fa fa-arrow-right\" aria-hidden=\"true\"><\/i><\/span><div class=\"fusion-li-item-content\">Easy access, 12 km from the village of Grand-Remous (Off Rte 117) on a paved road<\/div><\/li><li class=\"fusion-li-item\" style=\"\"><span class=\"icon-wrapper circle-yes\"><i class=\"fusion-li-icon fa fa-arrow-right\" aria-hidden=\"true\"><\/i><\/span><div class=\"fusion-li-item-content\">Two hours from Gatineau and three hours from Montr\u00e9al.<\/div><\/li><li class=\"fusion-li-item\" style=\"\"><span class=\"icon-wrapper circle-yes\"><i class=\"fusion-li-icon fa-arrow-right fas\" aria-hidden=\"true\"><\/i><\/span><div class=\"fusion-li-item-content\">Cellular network and Wi-Fi<\/div><\/li><li class=\"fusion-li-item\" style=\"\"><span class=\"icon-wrapper circle-yes\"><i class=\"fusion-li-icon fa fa-arrow-right\" aria-hidden=\"true\"><\/i><\/span><div class=\"fusion-li-item-content\">Eco-managed to ensure the natural beauty and sustainability of our unique setting.<\/div><\/li><li class=\"fusion-li-item\" style=\"\"><span class=\"icon-wrapper circle-yes\"><i class=\"fusion-li-icon fa fa-arrow-right\" aria-hidden=\"true\"><\/i><\/span><div class=\"fusion-li-item-content\">All yours to discover and enjoy!<\/div><\/li><\/ul><div class=\"fusion-clearfix\"><\/div><\/div><\/div><div class=\"fusion-layout-column fusion_builder_column fusion-builder-column-4 fusion_builder_column_1_2 1_2 fusion-one-half fusion-column-last\" style=\"--awb-bg-size:cover;width:48%;\"><div class=\"fusion-column-wrapper fusion-flex-column-wrapper-legacy\"><iframe src=\"https:\/\/www.google.com\/maps\/embed?pb=!1m18!1m12!1m3!1d2737.1959243089627!2d-75.85634968440131!3d46.682133979134285!2m3!1f0!2f0!3f0!3m2!1i1024!2i768!4f13.1!3m3!1m2!1s0x4cda84da1ddbcc59%3A0xddc5b712915cefc6!2s40+Chemin+Walker%2C+Grand-Remous%2C+QC+J0W+1E0!5e0!3m2!1sfr!2sca!4v1542308221781\" width=\"600\" height=\"450\" frameborder=\"0\" style=\"border:0\" allowfullscreen><\/iframe><div class=\"fusion-clearfix\"><\/div><\/div><\/div><div class=\"fusion-layout-column fusion_builder_column fusion-builder-column-5 fusion_builder_column_1_1 1_1 fusion-one-full fusion-column-first fusion-column-last fusion-column-no-min-height\" style=\"--awb-bg-size:cover;--awb-margin-bottom:0px;\"><div class=\"fusion-column-wrapper fusion-flex-column-wrapper-legacy\"><div class=\"fusion-sep-clear\"><\/div><div class=\"fusion-separator fusion-full-width-sep\" style=\"margin-left: auto;margin-right: auto;margin-top:5px;margin-bottom:5px;width:100%;\"><\/div><div class=\"fusion-sep-clear\"><\/div><div class=\"fusion-clearfix\"><\/div><\/div><\/div><\/div><\/div><div class=\"fusion-fullwidth fullwidth-box fusion-builder-row-4 nonhundred-percent-fullwidth non-hundred-percent-height-scrolling\" style=\"--awb-background-position:left top;--awb-border-sizes-top:0px;--awb-border-sizes-bottom:0px;--awb-border-sizes-left:0px;--awb-border-sizes-right:0px;--awb-border-radius-top-left:0px;--awb-border-radius-top-right:0px;--awb-border-radius-bottom-right:0px;--awb-border-radius-bottom-left:0px;--awb-padding-top:30px;--awb-padding-bottom:30px;--awb-background-color:#05683a;--awb-flex-wrap:wrap;\" ><div class=\"fusion-builder-row fusion-row\"><div class=\"fusion-layout-column fusion_builder_column fusion-builder-column-6 fusion_builder_column_1_1 1_1 fusion-one-full fusion-column-first fusion-column-last fusion-column-no-min-height\" style=\"--awb-bg-size:cover;--awb-margin-bottom:0px;\"><div class=\"fusion-column-wrapper fusion-flex-column-wrapper-legacy\"><div class=\"fusion-aligncenter\"><a class=\"fusion-button button-flat fusion-button-default-size button-default fusion-button-default button-1 fusion-button-default-span fusion-button-default-type\" target=\"_self\" href=\"https:\/\/domainepinegrove.com\/en\/contact-us\/\"><span class=\"fusion-button-text awb-button__text awb-button__text--default\">Book now<\/span><\/a><\/div><div class=\"fusion-clearfix\"><\/div><\/div><\/div><\/div><\/div><div class=\"fusion-bg-parallax\" data-bg-align=\"left top\" data-direction=\"up\" data-mute=\"false\" data-opacity=\"100\" data-velocity=\"-0.3\" data-mobile-enabled=\"false\" data-break_parents=\"0\" data-bg-image=\"https:\/\/domainepinegrove.com\/wp-content\/uploads\/2016\/02\/domaine_pine_grove_background.jpg\" data-bg-repeat=\"false\" ><\/div><div class=\"fusion-fullwidth fullwidth-box fusion-builder-row-5 fusion-parallax-up nonhundred-percent-fullwidth non-hundred-percent-height-scrolling\" style=\"--awb-background-position:left top;--awb-border-sizes-top:0px;--awb-border-sizes-bottom:0px;--awb-border-sizes-left:0px;--awb-border-sizes-right:0px;--awb-border-radius-top-left:0px;--awb-border-radius-top-right:0px;--awb-border-radius-bottom-right:0px;--awb-border-radius-bottom-left:0px;--awb-padding-top:20px;--awb-padding-bottom:20px;--awb-background-image:url(&quot;https:\/\/domainepinegrove.com\/wp-content\/uploads\/2016\/02\/domaine_pine_grove_background.jpg&quot;);--awb-background-size:cover;--awb-flex-wrap:wrap;\" ><div class=\"fusion-builder-row fusion-row\"><div class=\"fusion-layout-column fusion_builder_column fusion-builder-column-7 fusion_builder_column_1_1 1_1 fusion-one-full fusion-column-first fusion-column-last fusion-column-no-min-height\" style=\"--awb-bg-size:cover;--awb-margin-bottom:0px;\"><div class=\"fusion-column-wrapper fusion-flex-column-wrapper-legacy\"><div class=\"fusion-slider-sc fusion-flexslider-loading flexslider flexslider-hover-type-none slider_accueil\" data-slideshow_autoplay=\"1\" data-slideshow_smooth_height=\"0\" data-slideshow_speed=\"7000\" style=\"max-width:600px;height:100%;\"><ul class=\"slides\"><li class=\"image\"><span class=\"fusion-image-hover-element hover-type-none\"><img decoding=\"async\" src=\"https:\/\/domainepinegrove.com\/wp-content\/uploads\/2014\/11\/vacances_famille_domaine_pine_grove.jpg\" \/><\/span><\/li><li class=\"image\"><span class=\"fusion-image-hover-element hover-type-none\"><img decoding=\"async\" src=\"https:\/\/domainepinegrove.com\/wp-content\/uploads\/2012\/07\/domaine-pine-grove_location_de_chalets_baskatong.jpg\" \/><\/span><\/li><li class=\"image\"><span class=\"fusion-image-hover-element hover-type-none\"><img decoding=\"async\" src=\"https:\/\/domainepinegrove.com\/wp-content\/uploads\/2014\/11\/domaine_pine_grove_Location_chalets_bord_de_eau.jpg\" \/><\/span><\/li><li class=\"image\"><span class=\"fusion-image-hover-element hover-type-none\"><img decoding=\"async\" src=\"https:\/\/domainepinegrove.com\/wp-content\/uploads\/2014\/11\/domaine_pine_grove_vue_aerienne.jpg\" \/><\/span><\/li><li class=\"image\"><span class=\"fusion-image-hover-element hover-type-none\"><img decoding=\"async\" src=\"https:\/\/domainepinegrove.com\/wp-content\/uploads\/2016\/02\/domaine_pine_grove_camping_lac_baskatong.jpg\" \/><\/span><\/li><li class=\"image\"><span class=\"fusion-image-hover-element hover-type-none\"><img decoding=\"async\" src=\"https:\/\/domainepinegrove.com\/wp-content\/uploads\/2014\/11\/domaine_pine_grove_camping_kayak.jpg\" \/><\/span><\/li><li class=\"image\"><span class=\"fusion-image-hover-element hover-type-none\"><img decoding=\"async\" src=\"https:\/\/domainepinegrove.com\/wp-content\/uploads\/2014\/11\/domaine_pine_grove_pourvoirie_quebec_canada.jpg\" \/><\/span><\/li><li class=\"image\"><span class=\"fusion-image-hover-element hover-type-none\"><img decoding=\"async\" src=\"https:\/\/domainepinegrove.com\/wp-content\/uploads\/2014\/11\/domaine_pine_grove_pourvoirie_quebec_canada_2.jpg\" \/><\/span><\/li><li class=\"image\"><span class=\"fusion-image-hover-element hover-type-none\"><img decoding=\"async\" src=\"https:\/\/domainepinegrove.com\/wp-content\/uploads\/2014\/11\/domaine_pine_grove_pourvoirie_lac_quebec_canada.jpg\" \/><\/span><\/li><li class=\"image\"><span class=\"fusion-image-hover-element hover-type-none\"><img decoding=\"async\" src=\"https:\/\/domainepinegrove.com\/wp-content\/uploads\/2014\/11\/domaine_pine_grove_plage.jpg\" \/><\/span><\/li><li class=\"image\"><span class=\"fusion-image-hover-element hover-type-none\"><img decoding=\"async\" src=\"https:\/\/domainepinegrove.com\/wp-content\/uploads\/2014\/11\/domaine_pine_grove_accueil.jpg\" \/><\/span><\/li><li class=\"image\"><span class=\"fusion-image-hover-element hover-type-none\"><img decoding=\"async\" src=\"https:\/\/domainepinegrove.com\/wp-content\/uploads\/2014\/11\/domaine_pine_grove_quai.jpg\" \/><\/span><\/li><\/ul><\/div><div class=\"fusion-clearfix\"><\/div><\/div><\/div><\/div><\/div>\n","protected":false},"excerpt":{"rendered":"","protected":false},"author":1,"featured_media":0,"parent":0,"menu_order":0,"comment_status":"closed","ping_status":"closed","template":"100-width.php","meta":{"footnotes":""},"class_list":["post-12232","page","type-page","status-publish","hentry"],"yoast_head":"<!-- This site is optimized with the Yoast SEO plugin v25.8 - https:\/\/yoast.com\/wordpress\/plugins\/seo\/ -->\n<title>Home - Domaine Pine grove - Baskatong - Qu\u00e9bec - Canada<\/title>\n<meta name=\"robots\" content=\"index, follow, max-snippet:-1, max-image-preview:large, max-video-preview:-1\" \/>\n<link rel=\"canonical\" href=\"https:\/\/domainepinegrove.com\/en\/\" \/>\n<meta property=\"og:locale\" content=\"en_US\" \/>\n<meta property=\"og:type\" content=\"article\" \/>\n<meta property=\"og:title\" content=\"Home - Domaine Pine grove - Baskatong - Qu\u00e9bec - Canada\" \/>\n<meta property=\"og:url\" content=\"https:\/\/domainepinegrove.com\/en\/\" \/>\n<meta property=\"og:site_name\" content=\"Domaine Pine grove - Baskatong - Qu\u00e9bec - Canada\" \/>\n<meta property=\"article:modified_time\" content=\"2024-01-23T18:54:12+00:00\" \/>\n<meta name=\"twitter:card\" content=\"summary_large_image\" \/>\n<meta name=\"twitter:label1\" content=\"Est. reading time\" \/>\n\t<meta name=\"twitter:data1\" content=\"10 minutes\" \/>\n<script type=\"application\/ld+json\" class=\"yoast-schema-graph\">{\"@context\":\"https:\/\/schema.org\",\"@graph\":[{\"@type\":\"WebPage\",\"@id\":\"https:\/\/domainepinegrove.com\/en\/\",\"url\":\"https:\/\/domainepinegrove.com\/en\/\",\"name\":\"Home - Domaine Pine grove - Baskatong - Qu\u00e9bec - Canada\",\"isPartOf\":{\"@id\":\"https:\/\/domainepinegrove.com\/#website\"},\"datePublished\":\"2014-11-19T15:14:03+00:00\",\"dateModified\":\"2024-01-23T18:54:12+00:00\",\"breadcrumb\":{\"@id\":\"https:\/\/domainepinegrove.com\/en\/#breadcrumb\"},\"inLanguage\":\"en-US\",\"potentialAction\":[{\"@type\":\"ReadAction\",\"target\":[\"https:\/\/domainepinegrove.com\/en\/\"]}]},{\"@type\":\"BreadcrumbList\",\"@id\":\"https:\/\/domainepinegrove.com\/en\/#breadcrumb\",\"itemListElement\":[{\"@type\":\"ListItem\",\"position\":1,\"name\":\"Accueil\",\"item\":\"https:\/\/domainepinegrove.com\/en\/\"},{\"@type\":\"ListItem\",\"position\":2,\"name\":\"Home\"}]},{\"@type\":\"WebSite\",\"@id\":\"https:\/\/domainepinegrove.com\/#website\",\"url\":\"https:\/\/domainepinegrove.com\/\",\"name\":\"Domaine Pine grove - Baskatong - Qu\u00e9bec - Canada\",\"description\":\"Site de vill\u00e9giature et d&#039;activit\u00e9s de plein air sur les rives du Baskatong\",\"potentialAction\":[{\"@type\":\"SearchAction\",\"target\":{\"@type\":\"EntryPoint\",\"urlTemplate\":\"https:\/\/domainepinegrove.com\/?s={search_term_string}\"},\"query-input\":{\"@type\":\"PropertyValueSpecification\",\"valueRequired\":true,\"valueName\":\"search_term_string\"}}],\"inLanguage\":\"en-US\"}]}<\/script>\n<!-- \/ Yoast SEO plugin. -->","yoast_head_json":{"title":"Home - Domaine Pine grove - Baskatong - Qu\u00e9bec - Canada","robots":{"index":"index","follow":"follow","max-snippet":"max-snippet:-1","max-image-preview":"max-image-preview:large","max-video-preview":"max-video-preview:-1"},"canonical":"https:\/\/domainepinegrove.com\/en\/","og_locale":"en_US","og_type":"article","og_title":"Home - Domaine Pine grove - Baskatong - Qu\u00e9bec - Canada","og_url":"https:\/\/domainepinegrove.com\/en\/","og_site_name":"Domaine Pine grove - Baskatong - Qu\u00e9bec - Canada","article_modified_time":"2024-01-23T18:54:12+00:00","twitter_card":"summary_large_image","twitter_misc":{"Est. reading time":"10 minutes"},"schema":{"@context":"https:\/\/schema.org","@graph":[{"@type":"WebPage","@id":"https:\/\/domainepinegrove.com\/en\/","url":"https:\/\/domainepinegrove.com\/en\/","name":"Home - Domaine Pine grove - Baskatong - Qu\u00e9bec - Canada","isPartOf":{"@id":"https:\/\/domainepinegrove.com\/#website"},"datePublished":"2014-11-19T15:14:03+00:00","dateModified":"2024-01-23T18:54:12+00:00","breadcrumb":{"@id":"https:\/\/domainepinegrove.com\/en\/#breadcrumb"},"inLanguage":"en-US","potentialAction":[{"@type":"ReadAction","target":["https:\/\/domainepinegrove.com\/en\/"]}]},{"@type":"BreadcrumbList","@id":"https:\/\/domainepinegrove.com\/en\/#breadcrumb","itemListElement":[{"@type":"ListItem","position":1,"name":"Accueil","item":"https:\/\/domainepinegrove.com\/en\/"},{"@type":"ListItem","position":2,"name":"Home"}]},{"@type":"WebSite","@id":"https:\/\/domainepinegrove.com\/#website","url":"https:\/\/domainepinegrove.com\/","name":"Domaine Pine grove - Baskatong - Qu\u00e9bec - Canada","description":"Site de vill\u00e9giature et d&#039;activit\u00e9s de plein air sur les rives du Baskatong","potentialAction":[{"@type":"SearchAction","target":{"@type":"EntryPoint","urlTemplate":"https:\/\/domainepinegrove.com\/?s={search_term_string}"},"query-input":{"@type":"PropertyValueSpecification","valueRequired":true,"valueName":"search_term_string"}}],"inLanguage":"en-US"}]}},"_links":{"self":[{"href":"http:\/\/domainepinegrove.com\/en\/wp-json\/wp\/v2\/pages\/12232","targetHints":{"allow":["GET"]}}],"collection":[{"href":"http:\/\/domainepinegrove.com\/en\/wp-json\/wp\/v2\/pages"}],"about":[{"href":"http:\/\/domainepinegrove.com\/en\/wp-json\/wp\/v2\/types\/page"}],"author":[{"embeddable":true,"href":"http:\/\/domainepinegrove.com\/en\/wp-json\/wp\/v2\/users\/1"}],"replies":[{"embeddable":true,"href":"http:\/\/domainepinegrove.com\/en\/wp-json\/wp\/v2\/comments?post=12232"}],"version-history":[{"count":17,"href":"http:\/\/domainepinegrove.com\/en\/wp-json\/wp\/v2\/pages\/12232\/revisions"}],"predecessor-version":[{"id":16453,"href":"http:\/\/domainepinegrove.com\/en\/wp-json\/wp\/v2\/pages\/12232\/revisions\/16453"}],"wp:attachment":[{"href":"http:\/\/domainepinegrove.com\/en\/wp-json\/wp\/v2\/media?parent=12232"}],"curies":[{"name":"wp","href":"https:\/\/api.w.org\/{rel}","templated":true}]}}