{"id":12247,"date":"2016-02-11T03:22:42","date_gmt":"2016-02-11T02:22:42","guid":{"rendered":"http:\/\/domainepinegrove.com\/peche_pourvoirie_baskatong_quebec_canada\/?lang=en"},"modified":"2024-01-23T13:57:28","modified_gmt":"2024-01-23T18:57:28","slug":"fishing_baskatong_quebec_canada","status":"publish","type":"page","link":"http:\/\/domainepinegrove.com\/en\/fishing_baskatong_quebec_canada\/","title":{"rendered":"Fishing"},"content":{"rendered":"<div class=\"fusion-fullwidth fullwidth-box fusion-builder-row-1 hundred-percent-fullwidth non-hundred-percent-height-scrolling\" style=\"--awb-border-radius-top-left:0px;--awb-border-radius-top-right:0px;--awb-border-radius-bottom-right:0px;--awb-border-radius-bottom-left:0px;--awb-overflow:visible;--awb-flex-wrap:wrap;\" ><div class=\"fusion-builder-row fusion-row\"><div class=\"fusion-layout-column fusion_builder_column fusion-builder-column-0 fusion_builder_column_2_3 2_3 fusion-two-third fusion-column-first\" style=\"--awb-bg-size:cover;--awb-margin-bottom:0px;width:65.3333%; margin-right: 4%;\"><div class=\"fusion-column-wrapper fusion-flex-column-wrapper-legacy\"><div class=\"fusion-text fusion-text-1\" style=\"--awb-text-transform:none;\"><h2>Fishing Pine Grove !<\/h2>\n<p>Located on the Baskatong Reservoir, more precisely in the Philom\u00e8ne bay, near a spawning ground for walleye. Walleye, landlocked salmon, pike, whitefish are waiting for you!<\/p>\n<h3>The outfitter offers;<\/h3>\n<ul>\n<li>boat and motor rental<\/li>\n<li>fishing equipment rental<\/li>\n<li>bait sales<\/li>\n<li>Fish house<\/li>\n<li>Service guide on demand<\/li>\n<\/ul>\n<p>In addition to your provincial fishing licence, an authorisation is required \u2013 free for kids available online <a href=\"https:\/\/en.afcbaskatong.com\/\" target=\"_blank\" rel=\"noopener\">https:\/\/en.afcbaskatong.com\/<\/a><\/p>\n<\/div><div class=\"fusion-clearfix\"><\/div><\/div><\/div><div class=\"fusion-layout-column fusion_builder_column fusion-builder-column-1 fusion_builder_column_1_3 1_3 fusion-one-third fusion-column-last\" style=\"--awb-bg-size:cover;--awb-margin-bottom:0px;width:30.6666%;\"><div class=\"fusion-column-wrapper fusion-flex-column-wrapper-legacy\"><div class=\"fusion-text fusion-text-2\"><p><a href=\"https:\/\/domainepinegrove.com\/wp-content\/uploads\/2016\/02\/peche_canada_quebec.jpg\"  rel=\"lightbox[12247] attachment wp-att-11790\"><img decoding=\"async\" class=\"alignright wp-image-11997 size-medium\" style=\"margin-bottom: 20px;\" src=\"https:\/\/domainepinegrove.com\/wp-content\/uploads\/2016\/02\/peche_canada_quebec-300x200.jpg\" alt=\"\" width=\"300\" height=\"200\" srcset=\"http:\/\/domainepinegrove.com\/wp-content\/uploads\/2016\/02\/peche_canada_quebec-300x200.jpg 300w, http:\/\/domainepinegrove.com\/wp-content\/uploads\/2016\/02\/peche_canada_quebec-768x512.jpg 768w, http:\/\/domainepinegrove.com\/wp-content\/uploads\/2016\/02\/peche_canada_quebec.jpg 800w\" sizes=\"(max-width: 300px) 100vw, 300px\" \/><\/a><a href=\"https:\/\/domainepinegrove.com\/wp-content\/uploads\/2016\/02\/peche_CATCH-RELEASE_baskatong.jpg\" rel=\"lightbox[12247]\"><img decoding=\"async\" class=\"alignright wp-image-12139 size-medium\" src=\"https:\/\/domainepinegrove.com\/wp-content\/uploads\/2016\/02\/peche_CATCH-RELEASE_baskatong-300x225.jpg\" alt=\"peche_CATCH & RELEASE\" width=\"300\" height=\"225\" srcset=\"http:\/\/domainepinegrove.com\/wp-content\/uploads\/2016\/02\/peche_CATCH-RELEASE_baskatong-300x225.jpg 300w, http:\/\/domainepinegrove.com\/wp-content\/uploads\/2016\/02\/peche_CATCH-RELEASE_baskatong-768x576.jpg 768w, http:\/\/domainepinegrove.com\/wp-content\/uploads\/2016\/02\/peche_CATCH-RELEASE_baskatong.jpg 800w\" sizes=\"(max-width: 300px) 100vw, 300px\" \/><\/a><\/p>\n<\/div><div class=\"fusion-clearfix\"><\/div><\/div><\/div><div class=\"fusion-layout-column fusion_builder_column fusion-builder-column-2 fusion_builder_column_1_1 1_1 fusion-one-full fusion-column-first fusion-column-last fusion-column-no-min-height\" style=\"--awb-bg-size:cover;--awb-margin-bottom:0px;\"><div class=\"fusion-column-wrapper fusion-flex-column-wrapper-legacy\"><div class=\"fusion-text fusion-text-3\" style=\"--awb-text-transform:none;\"><hr \/>\n<h3 style=\"margin-top: 25px;\">Fishing package for 2 people \/ 3 nights<\/h3>\n<p><a href=\"https:\/\/domainepinegrove.com\/wp-content\/uploads\/2016\/02\/forfait_peche_baskatong_canada_quebec.jpg\"  rel=\"lightbox[12247] attachment wp-att-11787\"><img decoding=\"async\" class=\"alignright wp-image-11998 size-medium\" src=\"https:\/\/domainepinegrove.com\/wp-content\/uploads\/2016\/02\/forfait_peche_baskatong_canada_quebec-300x225.jpg\" alt=\"\" width=\"300\" height=\"225\" srcset=\"http:\/\/domainepinegrove.com\/wp-content\/uploads\/2016\/02\/forfait_peche_baskatong_canada_quebec-300x225.jpg 300w, http:\/\/domainepinegrove.com\/wp-content\/uploads\/2016\/02\/forfait_peche_baskatong_canada_quebec-768x576.jpg 768w, http:\/\/domainepinegrove.com\/wp-content\/uploads\/2016\/02\/forfait_peche_baskatong_canada_quebec.jpg 800w\" sizes=\"(max-width: 300px) 100vw, 300px\" \/><\/a><\/p>\n<ul>\n<li>Fully equipped waterfront cottage<\/li>\n<li>Boat and motor<\/li>\n<li>Equipment (fishing rod, flotation vest, 1 box of worms)<\/li>\n<li>Advice from owner for the good \u2018spots\u2019<\/li>\n<\/ul>\n<h3>Fishing package (non-resident)<\/h3>\n<ul>\n<li>7 Nights \/ 6 days fishing<\/li>\n<li>Transportation to and from airport<\/li>\n<li>Accommodation in fully equipped waterfront cottage<\/li>\n<li>Boat and motor (gas included)<\/li>\n<li>Fishing guide 1 day (walleye \u2013 pike) with shore lunch<\/li>\n<li>Fishing guide 1 day (black bass- musky) with shore lunch<\/li>\n<li>4 Days of non- guided fishing<\/li>\n<\/ul>\n<p>Bi-weekly transportation to the village for groceries.<\/p>\n<\/div><div class=\"fusion-clearfix\"><\/div><\/div><\/div><div class=\"fusion-layout-column fusion_builder_column fusion-builder-column-3 fusion_builder_column_1_1 1_1 fusion-one-full fusion-column-first fusion-column-last fusion-column-no-min-height\" style=\"--awb-bg-size:cover;--awb-margin-bottom:0px;\"><div class=\"fusion-column-wrapper fusion-flex-column-wrapper-legacy\"><div class=\"fusion-image-carousel fusion-image-carousel-auto fusion-image-carousel-1 lightbox-enabled fusion-carousel-border\"><div class=\"awb-carousel awb-swiper awb-swiper-carousel awb-swiper-dots-position-bottom awb-carousel--carousel\" data-layout=\"carousel\" data-autoplay=\"yes\" data-autoplayspeed=\"2500\" data-autoplaypause=\"no\" data-columns=\"6\" data-columnsmedium=\"0\" data-columnssmall=\"0\" data-itemmargin=\"13\" data-itemwidth=\"180\" data-touchscroll=\"no\" data-freemode=\"no\" data-imagesize=\"auto\" data-scrollitems=\"0\" data-centeredslides=\"no\" data-rotationangle=\"50\" data-depth=\"100\" data-speed=\"500\" data-shadow=\"no\" style=\"--awb-columns:6;--awb-border-width:1px;--awb-border-color:#e9eaee;\"><div class=\"swiper-wrapper awb-image-carousel-wrapper fusion-flex-align-items-center\"><div class=\"swiper-slide\"><div class=\"fusion-carousel-item-wrapper\"><div class=\"fusion-image-wrapper hover-type-zoomin\"><a data-rel=\"iLightbox[image_carousel_1]\" href=\"https:\/\/domainepinegrove.com\/wp-content\/uploads\/2016\/02\/baie_Philomene_baskatong_canada.jpg\" target=\"_self\"><img decoding=\"async\" src=\"https:\/\/domainepinegrove.com\/wp-content\/uploads\/2016\/02\/baie_Philomene_baskatong_canada.jpg\" alt=\"Pourvoirie Domaine Pine Grove - Baskatong Qu\u00e9bec - Canada\"\/><\/a><\/div><\/div><\/div><div class=\"swiper-slide\"><div class=\"fusion-carousel-item-wrapper\"><div class=\"fusion-image-wrapper hover-type-zoomin\"><a data-rel=\"iLightbox[image_carousel_1]\" href=\"https:\/\/domainepinegrove.com\/wp-content\/uploads\/2016\/02\/forfait_peche_baskatong.jpg\" target=\"_self\"><img decoding=\"async\" src=\"https:\/\/domainepinegrove.com\/wp-content\/uploads\/2016\/02\/forfait_peche_baskatong.jpg\" alt=\"Pourvoirie Domaine Pine Grove - Baskatong Qu\u00e9bec - Canada\"\/><\/a><\/div><\/div><\/div><div class=\"swiper-slide\"><div class=\"fusion-carousel-item-wrapper\"><div class=\"fusion-image-wrapper hover-type-zoomin\"><a data-rel=\"iLightbox[image_carousel_1]\" href=\"https:\/\/domainepinegrove.com\/wp-content\/uploads\/2016\/02\/peche_domaine_pine_grove.jpg\" target=\"_self\"><img decoding=\"async\" src=\"https:\/\/domainepinegrove.com\/wp-content\/uploads\/2016\/02\/peche_domaine_pine_grove.jpg\" alt=\"Pourvoirie Domaine Pine Grove - Baskatong Qu\u00e9bec - Canada\"\/><\/a><\/div><\/div><\/div><div class=\"swiper-slide\"><div class=\"fusion-carousel-item-wrapper\"><div class=\"fusion-image-wrapper hover-type-zoomin\"><a data-rel=\"iLightbox[image_carousel_1]\" href=\"https:\/\/domainepinegrove.com\/wp-content\/uploads\/2016\/02\/pourvoirie_baskatong_peche.jpg\" target=\"_self\"><img decoding=\"async\" src=\"https:\/\/domainepinegrove.com\/wp-content\/uploads\/2016\/02\/pourvoirie_baskatong_peche.jpg\" alt=\"Pourvoirie Domaine Pine Grove - Baskatong Qu\u00e9bec - Canada\"\/><\/a><\/div><\/div><\/div><\/div><div class=\"awb-swiper-button awb-swiper-button-prev\"><i class=\"awb-icon-angle-left\" aria-hidden=\"true\"><\/i><\/div><div class=\"awb-swiper-button awb-swiper-button-next\"><i class=\"awb-icon-angle-right\" aria-hidden=\"true\"><\/i><\/div><\/div><\/div><div class=\"fusion-clearfix\"><\/div><\/div><\/div><\/div><\/div>\n","protected":false},"excerpt":{"rendered":"","protected":false},"author":1,"featured_media":0,"parent":0,"menu_order":0,"comment_status":"open","ping_status":"open","template":"","meta":{"footnotes":""},"class_list":["post-12247","page","type-page","status-publish","hentry"],"yoast_head":"<!-- This site is optimized with the Yoast SEO plugin v25.8 - https:\/\/yoast.com\/wordpress\/plugins\/seo\/ -->\n<title>Fishing package - Domaine Pine grove - Baskatong - Qu\u00e9bec - Canada<\/title>\n<meta name=\"robots\" content=\"index, follow, max-snippet:-1, max-image-preview:large, max-video-preview:-1\" \/>\n<link rel=\"canonical\" href=\"https:\/\/domainepinegrove.com\/en\/fishing_baskatong_quebec_canada\/\" \/>\n<meta property=\"og:locale\" content=\"en_US\" \/>\n<meta property=\"og:type\" content=\"article\" \/>\n<meta property=\"og:title\" content=\"Fishing package - Domaine Pine grove - Baskatong - Qu\u00e9bec - Canada\" \/>\n<meta property=\"og:url\" content=\"https:\/\/domainepinegrove.com\/en\/fishing_baskatong_quebec_canada\/\" \/>\n<meta property=\"og:site_name\" content=\"Domaine Pine grove - Baskatong - Qu\u00e9bec - Canada\" \/>\n<meta property=\"article:modified_time\" content=\"2024-01-23T18:57:28+00:00\" \/>\n<meta property=\"og:image\" content=\"https:\/\/domainepinegrove.com\/wp-content\/uploads\/2016\/02\/peche_canada_quebec-300x200.jpg\" \/>\n<meta name=\"twitter:card\" content=\"summary_large_image\" \/>\n<meta name=\"twitter:label1\" content=\"Est. reading time\" \/>\n\t<meta name=\"twitter:data1\" content=\"4 minutes\" \/>\n<script type=\"application\/ld+json\" class=\"yoast-schema-graph\">{\"@context\":\"https:\/\/schema.org\",\"@graph\":[{\"@type\":\"WebPage\",\"@id\":\"https:\/\/domainepinegrove.com\/en\/fishing_baskatong_quebec_canada\/\",\"url\":\"https:\/\/domainepinegrove.com\/en\/fishing_baskatong_quebec_canada\/\",\"name\":\"Fishing package - Domaine Pine grove - Baskatong - Qu\u00e9bec - Canada\",\"isPartOf\":{\"@id\":\"https:\/\/domainepinegrove.com\/#website\"},\"primaryImageOfPage\":{\"@id\":\"https:\/\/domainepinegrove.com\/en\/fishing_baskatong_quebec_canada\/#primaryimage\"},\"image\":{\"@id\":\"https:\/\/domainepinegrove.com\/en\/fishing_baskatong_quebec_canada\/#primaryimage\"},\"thumbnailUrl\":\"https:\/\/domainepinegrove.com\/wp-content\/uploads\/2016\/02\/peche_canada_quebec-300x200.jpg\",\"datePublished\":\"2016-02-11T02:22:42+00:00\",\"dateModified\":\"2024-01-23T18:57:28+00:00\",\"breadcrumb\":{\"@id\":\"https:\/\/domainepinegrove.com\/en\/fishing_baskatong_quebec_canada\/#breadcrumb\"},\"inLanguage\":\"en-US\",\"potentialAction\":[{\"@type\":\"ReadAction\",\"target\":[\"https:\/\/domainepinegrove.com\/en\/fishing_baskatong_quebec_canada\/\"]}]},{\"@type\":\"ImageObject\",\"inLanguage\":\"en-US\",\"@id\":\"https:\/\/domainepinegrove.com\/en\/fishing_baskatong_quebec_canada\/#primaryimage\",\"url\":\"https:\/\/domainepinegrove.com\/wp-content\/uploads\/2016\/02\/peche_canada_quebec-300x200.jpg\",\"contentUrl\":\"https:\/\/domainepinegrove.com\/wp-content\/uploads\/2016\/02\/peche_canada_quebec-300x200.jpg\"},{\"@type\":\"BreadcrumbList\",\"@id\":\"https:\/\/domainepinegrove.com\/en\/fishing_baskatong_quebec_canada\/#breadcrumb\",\"itemListElement\":[{\"@type\":\"ListItem\",\"position\":1,\"name\":\"Accueil\",\"item\":\"https:\/\/domainepinegrove.com\/en\/\"},{\"@type\":\"ListItem\",\"position\":2,\"name\":\"Fishing\"}]},{\"@type\":\"WebSite\",\"@id\":\"https:\/\/domainepinegrove.com\/#website\",\"url\":\"https:\/\/domainepinegrove.com\/\",\"name\":\"Domaine Pine grove - Baskatong - Qu\u00e9bec - Canada\",\"description\":\"Site de vill\u00e9giature et d&#039;activit\u00e9s de plein air sur les rives du Baskatong\",\"potentialAction\":[{\"@type\":\"SearchAction\",\"target\":{\"@type\":\"EntryPoint\",\"urlTemplate\":\"https:\/\/domainepinegrove.com\/?s={search_term_string}\"},\"query-input\":{\"@type\":\"PropertyValueSpecification\",\"valueRequired\":true,\"valueName\":\"search_term_string\"}}],\"inLanguage\":\"en-US\"}]}<\/script>\n<!-- \/ Yoast SEO plugin. -->","yoast_head_json":{"title":"Fishing package - Domaine Pine grove - Baskatong - Qu\u00e9bec - Canada","robots":{"index":"index","follow":"follow","max-snippet":"max-snippet:-1","max-image-preview":"max-image-preview:large","max-video-preview":"max-video-preview:-1"},"canonical":"https:\/\/domainepinegrove.com\/en\/fishing_baskatong_quebec_canada\/","og_locale":"en_US","og_type":"article","og_title":"Fishing package - Domaine Pine grove - Baskatong - Qu\u00e9bec - Canada","og_url":"https:\/\/domainepinegrove.com\/en\/fishing_baskatong_quebec_canada\/","og_site_name":"Domaine Pine grove - Baskatong - Qu\u00e9bec - Canada","article_modified_time":"2024-01-23T18:57:28+00:00","og_image":[{"url":"https:\/\/domainepinegrove.com\/wp-content\/uploads\/2016\/02\/peche_canada_quebec-300x200.jpg","type":"","width":"","height":""}],"twitter_card":"summary_large_image","twitter_misc":{"Est. reading time":"4 minutes"},"schema":{"@context":"https:\/\/schema.org","@graph":[{"@type":"WebPage","@id":"https:\/\/domainepinegrove.com\/en\/fishing_baskatong_quebec_canada\/","url":"https:\/\/domainepinegrove.com\/en\/fishing_baskatong_quebec_canada\/","name":"Fishing package - Domaine Pine grove - Baskatong - Qu\u00e9bec - Canada","isPartOf":{"@id":"https:\/\/domainepinegrove.com\/#website"},"primaryImageOfPage":{"@id":"https:\/\/domainepinegrove.com\/en\/fishing_baskatong_quebec_canada\/#primaryimage"},"image":{"@id":"https:\/\/domainepinegrove.com\/en\/fishing_baskatong_quebec_canada\/#primaryimage"},"thumbnailUrl":"https:\/\/domainepinegrove.com\/wp-content\/uploads\/2016\/02\/peche_canada_quebec-300x200.jpg","datePublished":"2016-02-11T02:22:42+00:00","dateModified":"2024-01-23T18:57:28+00:00","breadcrumb":{"@id":"https:\/\/domainepinegrove.com\/en\/fishing_baskatong_quebec_canada\/#breadcrumb"},"inLanguage":"en-US","potentialAction":[{"@type":"ReadAction","target":["https:\/\/domainepinegrove.com\/en\/fishing_baskatong_quebec_canada\/"]}]},{"@type":"ImageObject","inLanguage":"en-US","@id":"https:\/\/domainepinegrove.com\/en\/fishing_baskatong_quebec_canada\/#primaryimage","url":"https:\/\/domainepinegrove.com\/wp-content\/uploads\/2016\/02\/peche_canada_quebec-300x200.jpg","contentUrl":"https:\/\/domainepinegrove.com\/wp-content\/uploads\/2016\/02\/peche_canada_quebec-300x200.jpg"},{"@type":"BreadcrumbList","@id":"https:\/\/domainepinegrove.com\/en\/fishing_baskatong_quebec_canada\/#breadcrumb","itemListElement":[{"@type":"ListItem","position":1,"name":"Accueil","item":"https:\/\/domainepinegrove.com\/en\/"},{"@type":"ListItem","position":2,"name":"Fishing"}]},{"@type":"WebSite","@id":"https:\/\/domainepinegrove.com\/#website","url":"https:\/\/domainepinegrove.com\/","name":"Domaine Pine grove - Baskatong - Qu\u00e9bec - Canada","description":"Site de vill\u00e9giature et d&#039;activit\u00e9s de plein air sur les rives du Baskatong","potentialAction":[{"@type":"SearchAction","target":{"@type":"EntryPoint","urlTemplate":"https:\/\/domainepinegrove.com\/?s={search_term_string}"},"query-input":{"@type":"PropertyValueSpecification","valueRequired":true,"valueName":"search_term_string"}}],"inLanguage":"en-US"}]}},"_links":{"self":[{"href":"http:\/\/domainepinegrove.com\/en\/wp-json\/wp\/v2\/pages\/12247","targetHints":{"allow":["GET"]}}],"collection":[{"href":"http:\/\/domainepinegrove.com\/en\/wp-json\/wp\/v2\/pages"}],"about":[{"href":"http:\/\/domainepinegrove.com\/en\/wp-json\/wp\/v2\/types\/page"}],"author":[{"embeddable":true,"href":"http:\/\/domainepinegrove.com\/en\/wp-json\/wp\/v2\/users\/1"}],"replies":[{"embeddable":true,"href":"http:\/\/domainepinegrove.com\/en\/wp-json\/wp\/v2\/comments?post=12247"}],"version-history":[{"count":12,"href":"http:\/\/domainepinegrove.com\/en\/wp-json\/wp\/v2\/pages\/12247\/revisions"}],"predecessor-version":[{"id":16456,"href":"http:\/\/domainepinegrove.com\/en\/wp-json\/wp\/v2\/pages\/12247\/revisions\/16456"}],"wp:attachment":[{"href":"http:\/\/domainepinegrove.com\/en\/wp-json\/wp\/v2\/media?parent=12247"}],"curies":[{"name":"wp","href":"https:\/\/api.w.org\/{rel}","templated":true}]}}