{"id":12489,"date":"2017-03-28T13:55:18","date_gmt":"2017-03-28T18:55:18","guid":{"rendered":"http:\/\/domainepinegrove.com\/en\/test\/"},"modified":"2017-03-30T07:51:10","modified_gmt":"2017-03-30T12:51:10","slug":"contact-us","status":"publish","type":"page","link":"http:\/\/domainepinegrove.com\/en\/contact-us\/","title":{"rendered":"Contact us"},"content":{"rendered":"<div class=\"fusion-fullwidth fullwidth-box fusion-builder-row-1 hundred-percent-fullwidth non-hundred-percent-height-scrolling\" style=\"--awb-border-radius-top-left:0px;--awb-border-radius-top-right:0px;--awb-border-radius-bottom-right:0px;--awb-border-radius-bottom-left:0px;--awb-background-color:#f9f4d5;--awb-border-sizes-top:0px;--awb-border-sizes-bottom:0px;--awb-flex-wrap:wrap;\" ><div class=\"fusion-builder-row fusion-row\"><div class=\"fusion-layout-column fusion_builder_column fusion-builder-column-0 fusion_builder_column_1_1 1_1 fusion-one-full fusion-column-first fusion-column-last fusion-column-no-min-height\" style=\"--awb-bg-size:cover;--awb-margin-bottom:0px;\"><div class=\"fusion-column-wrapper fusion-flex-column-wrapper-legacy\"><div class=\"fusion-title title fusion-title-1 fusion-title-center fusion-title-text fusion-title-size-one\" style=\"--awb-margin-top:-15px;\"><div class=\"title-sep-container title-sep-container-left\"><div class=\"title-sep sep-double sep-solid\" style=\"border-color:#e0dede;\"><\/div><\/div><span class=\"awb-title-spacer\"><\/span><h1 class=\"fusion-title-heading title-heading-center\" style=\"margin:0;\"><strong>Contact us<\/strong><\/h1><span class=\"awb-title-spacer\"><\/span><div class=\"title-sep-container title-sep-container-right\"><div class=\"title-sep sep-double sep-solid\" style=\"border-color:#e0dede;\"><\/div><\/div><\/div><div class=\"fusion-text fusion-text-1\"><h2>Domaine Pine Grove<\/h2>\n<div id=\"attachment_11851\" style=\"width: 266px\" class=\"wp-caption alignright\"><img decoding=\"async\" aria-describedby=\"caption-attachment-11851\" class=\"wp-image-11851\" src=\"https:\/\/domainepinegrove.com\/wp-content\/uploads\/2012\/07\/catherine_plouffe_franck_Leitner_proprietaires_domaine_pine_grove-284x300.jpg\" alt=\"Catherine Plouffe Franck Leitner Propri\u00e9taire\" width=\"256\" height=\"270\" srcset=\"http:\/\/domainepinegrove.com\/wp-content\/uploads\/2012\/07\/catherine_plouffe_franck_Leitner_proprietaires_domaine_pine_grove-284x300.jpg 284w, http:\/\/domainepinegrove.com\/wp-content\/uploads\/2012\/07\/catherine_plouffe_franck_Leitner_proprietaires_domaine_pine_grove-768x810.jpg 768w, http:\/\/domainepinegrove.com\/wp-content\/uploads\/2012\/07\/catherine_plouffe_franck_Leitner_proprietaires_domaine_pine_grove-971x1024.jpg 971w, http:\/\/domainepinegrove.com\/wp-content\/uploads\/2012\/07\/catherine_plouffe_franck_Leitner_proprietaires_domaine_pine_grove.jpg 2142w\" sizes=\"(max-width: 256px) 100vw, 256px\" \/><p id=\"caption-attachment-11851\" class=\"wp-caption-text\">Catherine Plouffe<br \/> Franck Leitner<br \/> Propri\u00e9taires<\/p><\/div>\n<p>40 Walker Road PO Box 202,<br \/>\nGrand-Remous Quebec Canada,<br \/>\nJ0W 1E0<\/p>\n<p>Phone: 001 (819) 438-2067<\/p>\n<p>12 km from the village of Grand-Remous (Trans 117) on paved road!<\/p>\n<p>2 hours from Gatineau and 3 hours from Montreal.<br \/>\n<a href=\"mailto:info@domainepinegrove.com\">info@domainepinegrove.com<\/a><\/p>\n<\/div><div class=\"fusion-sep-clear\"><\/div><div class=\"fusion-separator fusion-full-width-sep\" style=\"margin-left: auto;margin-right: auto;margin-top:20px;width:100%;\"><\/div><div class=\"fusion-sep-clear\"><\/div><div class=\"fusion-text fusion-text-2\">\n<div class=\"wpcf7 no-js\" id=\"wpcf7-f12284-o1\" lang=\"fr-FR\" dir=\"ltr\" data-wpcf7-id=\"12284\">\n<div class=\"screen-reader-response\"><p role=\"status\" aria-live=\"polite\" aria-atomic=\"true\"><\/p> <ul><\/ul><\/div>\n<form action=\"\/en\/wp-json\/wp\/v2\/pages\/12489#wpcf7-f12284-o1\" method=\"post\" class=\"wpcf7-form init\" aria-label=\"Formulaire de contact\" novalidate=\"novalidate\" data-status=\"init\">\n<fieldset class=\"hidden-fields-container\"><input type=\"hidden\" name=\"_wpcf7\" value=\"12284\" \/><input type=\"hidden\" name=\"_wpcf7_version\" value=\"6.1.1\" \/><input type=\"hidden\" name=\"_wpcf7_locale\" value=\"fr_FR\" \/><input type=\"hidden\" name=\"_wpcf7_unit_tag\" value=\"wpcf7-f12284-o1\" \/><input type=\"hidden\" name=\"_wpcf7_container_post\" value=\"0\" \/><input type=\"hidden\" name=\"_wpcf7_posted_data_hash\" value=\"\" \/><input type=\"hidden\" name=\"_wpcf7_recaptcha_response\" value=\"\" \/>\n<\/fieldset>\n<h2>Reservation\n<\/h2>\n<div style=\"width:48%; float:left;padding-right: 10px;\">\n\t<p>Your name (required)\n\t<\/p>\n\t<p><span class=\"wpcf7-form-control-wrap\" data-name=\"your-name\"><input size=\"40\" maxlength=\"400\" class=\"wpcf7-form-control wpcf7-text wpcf7-validates-as-required\" aria-required=\"true\" aria-invalid=\"false\" value=\"\" type=\"text\" name=\"your-name\" \/><\/span>\n\t<\/p>\n\t<p>Your phone<br \/>\n<span class=\"wpcf7-form-control-wrap\" data-name=\"tel-895\"><input size=\"40\" maxlength=\"400\" class=\"wpcf7-form-control wpcf7-tel wpcf7-text wpcf7-validates-as-tel\" aria-invalid=\"false\" value=\"\" type=\"tel\" name=\"tel-895\" \/><\/span>\n\t<\/p>\n\t<p>Adults <span class=\"wpcf7-form-control-wrap\" data-name=\"number-274\"><input class=\"wpcf7-form-control wpcf7-number wpcf7-validates-as-number\" aria-invalid=\"false\" value=\"\" type=\"number\" name=\"number-274\" \/><\/span>\n\t<\/p>\n\t<p>Children <span class=\"wpcf7-form-control-wrap\" data-name=\"number-275\"><input class=\"wpcf7-form-control wpcf7-number wpcf7-validates-as-number\" aria-invalid=\"false\" value=\"\" type=\"number\" name=\"number-275\" \/><\/span>\n\t<\/p>\n\t<p>Dog <span class=\"wpcf7-form-control-wrap\" data-name=\"number-276\"><input class=\"wpcf7-form-control wpcf7-number wpcf7-validates-as-number\" aria-invalid=\"false\" value=\"\" type=\"number\" name=\"number-276\" \/><\/span>\n\t<\/p>\n<\/div>\n<div style=\"width:48%; float:left\">\n\t<p>Your mail (required)\n\t<\/p>\n\t<p><span class=\"wpcf7-form-control-wrap\" data-name=\"your-email\"><input size=\"40\" maxlength=\"400\" class=\"wpcf7-form-control wpcf7-email wpcf7-validates-as-required wpcf7-text wpcf7-validates-as-email\" aria-required=\"true\" aria-invalid=\"false\" value=\"\" type=\"email\" name=\"your-email\" \/><\/span>\n\t<\/p>\n\t<p>Number of nights: <span class=\"wpcf7-form-control-wrap\" data-name=\"number-411\"><input class=\"wpcf7-form-control wpcf7-number wpcf7-validates-as-number\" aria-invalid=\"false\" value=\"\" type=\"number\" name=\"number-411\" \/><\/span>\n\t<\/p>\n\t<p>Date of arrival <span class=\"wpcf7-form-control-wrap\" data-name=\"date-49\"><input class=\"wpcf7-form-control wpcf7-date wpcf7-validates-as-date\" aria-invalid=\"false\" value=\"\" type=\"date\" name=\"date-49\" \/><\/span>\n\t<\/p>\n\t<p><br \/>\nDeparture day <span class=\"wpcf7-form-control-wrap\" data-name=\"date-50\"><input class=\"wpcf7-form-control wpcf7-date wpcf7-validates-as-date\" aria-invalid=\"false\" value=\"\" type=\"date\" name=\"date-50\" \/><\/span>\n\t<\/p>\n<\/div>\n<div style=\"clear:both\">\n\t<p>Subject\n\t<\/p>\n\t<p><span class=\"wpcf7-form-control-wrap\" data-name=\"your-subject\"><input size=\"40\" maxlength=\"400\" class=\"wpcf7-form-control wpcf7-text\" aria-invalid=\"false\" value=\"\" type=\"text\" name=\"your-subject\" \/><\/span>\n\t<\/p>\n\t<p>Comment\n\t<\/p>\n\t<p><span class=\"wpcf7-form-control-wrap\" data-name=\"your-message\"><textarea cols=\"40\" rows=\"10\" maxlength=\"2000\" class=\"wpcf7-form-control wpcf7-textarea\" aria-invalid=\"false\" name=\"your-message\"><\/textarea><\/span>\n\t<\/p>\n\t<p><input class=\"wpcf7-form-control wpcf7-submit has-spinner\" type=\"submit\" value=\"Submit\" \/>\n\t<\/p>\n<\/div><div class=\"fusion-alert alert custom alert-custom fusion-alert-center wpcf7-response-output fusion-alert-capitalize awb-alert-native-link-color alert-dismissable awb-alert-close-boxed\" style=\"--awb-border-size:1px;--awb-border-top-left-radius:0px;--awb-border-top-right-radius:0px;--awb-border-bottom-left-radius:0px;--awb-border-bottom-right-radius:0px;\" role=\"alert\"><div class=\"fusion-alert-content-wrapper\"><span class=\"fusion-alert-content\"><\/span><\/div><button type=\"button\" class=\"close toggle-alert\" data-dismiss=\"alert\" aria-label=\"Close\">&times;<\/button><\/div>\n<\/form>\n<\/div>\n\n<\/div><div class=\"fusion-clearfix\"><\/div><\/div><\/div><\/div><\/div>\n","protected":false},"excerpt":{"rendered":"","protected":false},"author":1,"featured_media":0,"parent":0,"menu_order":0,"comment_status":"closed","ping_status":"closed","template":"","meta":{"footnotes":""},"class_list":["post-12489","page","type-page","status-publish","hentry"],"yoast_head":"<!-- This site is optimized with the Yoast SEO plugin v25.8 - https:\/\/yoast.com\/wordpress\/plugins\/seo\/ -->\n<title>Contact us - Domaine Pine grove - Baskatong - Qu\u00e9bec - Canada<\/title>\n<meta name=\"robots\" content=\"index, follow, max-snippet:-1, max-image-preview:large, max-video-preview:-1\" \/>\n<link rel=\"canonical\" href=\"https:\/\/domainepinegrove.com\/en\/contact-us\/\" \/>\n<meta property=\"og:locale\" content=\"en_US\" \/>\n<meta property=\"og:type\" content=\"article\" \/>\n<meta property=\"og:title\" content=\"Contact us - Domaine Pine grove - Baskatong - Qu\u00e9bec - Canada\" \/>\n<meta property=\"og:url\" content=\"https:\/\/domainepinegrove.com\/en\/contact-us\/\" \/>\n<meta property=\"og:site_name\" content=\"Domaine Pine grove - Baskatong - Qu\u00e9bec - Canada\" \/>\n<meta property=\"article:modified_time\" content=\"2017-03-30T12:51:10+00:00\" \/>\n<meta property=\"og:image\" content=\"https:\/\/domainepinegrove.com\/wp-content\/uploads\/2012\/07\/catherine_plouffe_franck_Leitner_proprietaires_domaine_pine_grove-284x300.jpg\" \/>\n<meta name=\"twitter:card\" content=\"summary_large_image\" \/>\n<meta name=\"twitter:label1\" content=\"Est. reading time\" \/>\n\t<meta name=\"twitter:data1\" content=\"1 minute\" \/>\n<script type=\"application\/ld+json\" class=\"yoast-schema-graph\">{\"@context\":\"https:\/\/schema.org\",\"@graph\":[{\"@type\":\"WebPage\",\"@id\":\"https:\/\/domainepinegrove.com\/en\/contact-us\/\",\"url\":\"https:\/\/domainepinegrove.com\/en\/contact-us\/\",\"name\":\"Contact us - Domaine Pine grove - Baskatong - Qu\u00e9bec - Canada\",\"isPartOf\":{\"@id\":\"https:\/\/domainepinegrove.com\/#website\"},\"primaryImageOfPage\":{\"@id\":\"https:\/\/domainepinegrove.com\/en\/contact-us\/#primaryimage\"},\"image\":{\"@id\":\"https:\/\/domainepinegrove.com\/en\/contact-us\/#primaryimage\"},\"thumbnailUrl\":\"https:\/\/domainepinegrove.com\/wp-content\/uploads\/2012\/07\/catherine_plouffe_franck_Leitner_proprietaires_domaine_pine_grove-284x300.jpg\",\"datePublished\":\"2017-03-28T18:55:18+00:00\",\"dateModified\":\"2017-03-30T12:51:10+00:00\",\"breadcrumb\":{\"@id\":\"https:\/\/domainepinegrove.com\/en\/contact-us\/#breadcrumb\"},\"inLanguage\":\"en-US\",\"potentialAction\":[{\"@type\":\"ReadAction\",\"target\":[\"https:\/\/domainepinegrove.com\/en\/contact-us\/\"]}]},{\"@type\":\"ImageObject\",\"inLanguage\":\"en-US\",\"@id\":\"https:\/\/domainepinegrove.com\/en\/contact-us\/#primaryimage\",\"url\":\"https:\/\/domainepinegrove.com\/wp-content\/uploads\/2012\/07\/catherine_plouffe_franck_Leitner_proprietaires_domaine_pine_grove-284x300.jpg\",\"contentUrl\":\"https:\/\/domainepinegrove.com\/wp-content\/uploads\/2012\/07\/catherine_plouffe_franck_Leitner_proprietaires_domaine_pine_grove-284x300.jpg\"},{\"@type\":\"BreadcrumbList\",\"@id\":\"https:\/\/domainepinegrove.com\/en\/contact-us\/#breadcrumb\",\"itemListElement\":[{\"@type\":\"ListItem\",\"position\":1,\"name\":\"Accueil\",\"item\":\"https:\/\/domainepinegrove.com\/en\/\"},{\"@type\":\"ListItem\",\"position\":2,\"name\":\"Contact us\"}]},{\"@type\":\"WebSite\",\"@id\":\"https:\/\/domainepinegrove.com\/#website\",\"url\":\"https:\/\/domainepinegrove.com\/\",\"name\":\"Domaine Pine grove - Baskatong - Qu\u00e9bec - Canada\",\"description\":\"Site de vill\u00e9giature et d&#039;activit\u00e9s de plein air sur les rives du Baskatong\",\"potentialAction\":[{\"@type\":\"SearchAction\",\"target\":{\"@type\":\"EntryPoint\",\"urlTemplate\":\"https:\/\/domainepinegrove.com\/?s={search_term_string}\"},\"query-input\":{\"@type\":\"PropertyValueSpecification\",\"valueRequired\":true,\"valueName\":\"search_term_string\"}}],\"inLanguage\":\"en-US\"}]}<\/script>\n<!-- \/ Yoast SEO plugin. -->","yoast_head_json":{"title":"Contact us - Domaine Pine grove - Baskatong - Qu\u00e9bec - Canada","robots":{"index":"index","follow":"follow","max-snippet":"max-snippet:-1","max-image-preview":"max-image-preview:large","max-video-preview":"max-video-preview:-1"},"canonical":"https:\/\/domainepinegrove.com\/en\/contact-us\/","og_locale":"en_US","og_type":"article","og_title":"Contact us - Domaine Pine grove - Baskatong - Qu\u00e9bec - Canada","og_url":"https:\/\/domainepinegrove.com\/en\/contact-us\/","og_site_name":"Domaine Pine grove - Baskatong - Qu\u00e9bec - Canada","article_modified_time":"2017-03-30T12:51:10+00:00","og_image":[{"url":"https:\/\/domainepinegrove.com\/wp-content\/uploads\/2012\/07\/catherine_plouffe_franck_Leitner_proprietaires_domaine_pine_grove-284x300.jpg","type":"","width":"","height":""}],"twitter_card":"summary_large_image","twitter_misc":{"Est. reading time":"1 minute"},"schema":{"@context":"https:\/\/schema.org","@graph":[{"@type":"WebPage","@id":"https:\/\/domainepinegrove.com\/en\/contact-us\/","url":"https:\/\/domainepinegrove.com\/en\/contact-us\/","name":"Contact us - Domaine Pine grove - Baskatong - Qu\u00e9bec - Canada","isPartOf":{"@id":"https:\/\/domainepinegrove.com\/#website"},"primaryImageOfPage":{"@id":"https:\/\/domainepinegrove.com\/en\/contact-us\/#primaryimage"},"image":{"@id":"https:\/\/domainepinegrove.com\/en\/contact-us\/#primaryimage"},"thumbnailUrl":"https:\/\/domainepinegrove.com\/wp-content\/uploads\/2012\/07\/catherine_plouffe_franck_Leitner_proprietaires_domaine_pine_grove-284x300.jpg","datePublished":"2017-03-28T18:55:18+00:00","dateModified":"2017-03-30T12:51:10+00:00","breadcrumb":{"@id":"https:\/\/domainepinegrove.com\/en\/contact-us\/#breadcrumb"},"inLanguage":"en-US","potentialAction":[{"@type":"ReadAction","target":["https:\/\/domainepinegrove.com\/en\/contact-us\/"]}]},{"@type":"ImageObject","inLanguage":"en-US","@id":"https:\/\/domainepinegrove.com\/en\/contact-us\/#primaryimage","url":"https:\/\/domainepinegrove.com\/wp-content\/uploads\/2012\/07\/catherine_plouffe_franck_Leitner_proprietaires_domaine_pine_grove-284x300.jpg","contentUrl":"https:\/\/domainepinegrove.com\/wp-content\/uploads\/2012\/07\/catherine_plouffe_franck_Leitner_proprietaires_domaine_pine_grove-284x300.jpg"},{"@type":"BreadcrumbList","@id":"https:\/\/domainepinegrove.com\/en\/contact-us\/#breadcrumb","itemListElement":[{"@type":"ListItem","position":1,"name":"Accueil","item":"https:\/\/domainepinegrove.com\/en\/"},{"@type":"ListItem","position":2,"name":"Contact us"}]},{"@type":"WebSite","@id":"https:\/\/domainepinegrove.com\/#website","url":"https:\/\/domainepinegrove.com\/","name":"Domaine Pine grove - Baskatong - Qu\u00e9bec - Canada","description":"Site de vill\u00e9giature et d&#039;activit\u00e9s de plein air sur les rives du Baskatong","potentialAction":[{"@type":"SearchAction","target":{"@type":"EntryPoint","urlTemplate":"https:\/\/domainepinegrove.com\/?s={search_term_string}"},"query-input":{"@type":"PropertyValueSpecification","valueRequired":true,"valueName":"search_term_string"}}],"inLanguage":"en-US"}]}},"_links":{"self":[{"href":"http:\/\/domainepinegrove.com\/en\/wp-json\/wp\/v2\/pages\/12489","targetHints":{"allow":["GET"]}}],"collection":[{"href":"http:\/\/domainepinegrove.com\/en\/wp-json\/wp\/v2\/pages"}],"about":[{"href":"http:\/\/domainepinegrove.com\/en\/wp-json\/wp\/v2\/types\/page"}],"author":[{"embeddable":true,"href":"http:\/\/domainepinegrove.com\/en\/wp-json\/wp\/v2\/users\/1"}],"replies":[{"embeddable":true,"href":"http:\/\/domainepinegrove.com\/en\/wp-json\/wp\/v2\/comments?post=12489"}],"version-history":[{"count":4,"href":"http:\/\/domainepinegrove.com\/en\/wp-json\/wp\/v2\/pages\/12489\/revisions"}],"predecessor-version":[{"id":12497,"href":"http:\/\/domainepinegrove.com\/en\/wp-json\/wp\/v2\/pages\/12489\/revisions\/12497"}],"wp:attachment":[{"href":"http:\/\/domainepinegrove.com\/en\/wp-json\/wp\/v2\/media?parent=12489"}],"curies":[{"name":"wp","href":"https:\/\/api.w.org\/{rel}","templated":true}]}}