{"id":12238,"date":"2012-07-31T02:17:47","date_gmt":"2012-07-31T02:17:47","guid":{"rendered":"http:\/\/domainepinegrove.com\/location-de-chalets-bord-de-leau-baskatong\/?lang=en"},"modified":"2017-03-27T12:33:10","modified_gmt":"2017-03-27T17:33:10","slug":"waterfront-cottages-rentals-baskatong","status":"publish","type":"page","link":"https:\/\/domainepinegrove.com\/en\/waterfront-cottages-rentals-baskatong\/","title":{"rendered":"Waterfront cottages rentals"},"content":{"rendered":"<div class=\"fusion-fullwidth fullwidth-box fusion-builder-row-1 hundred-percent-fullwidth non-hundred-percent-height-scrolling\" style=\"--awb-border-radius-top-left:0px;--awb-border-radius-top-right:0px;--awb-border-radius-bottom-right:0px;--awb-border-radius-bottom-left:0px;--awb-overflow:visible;--awb-flex-wrap:wrap;\" ><div class=\"fusion-builder-row fusion-row\"><div class=\"fusion-layout-column fusion_builder_column fusion-builder-column-0 fusion_builder_column_1_1 1_1 fusion-one-full fusion-column-first fusion-column-last fusion-column-no-min-height\" style=\"--awb-bg-size:cover;--awb-margin-bottom:0px;\"><div class=\"fusion-column-wrapper fusion-flex-column-wrapper-legacy\"><div class=\"fusion-text fusion-text-1\"><p><a href=\"https:\/\/domainepinegrove.com\/wp-content\/uploads\/2016\/02\/location_chalets_bord_eau.jpg\"  rel=\"lightbox[12238] attachment wp-att-11995\"><img decoding=\"async\" class=\"alignleft wp-image-11995 size-medium\" src=\"https:\/\/domainepinegrove.com\/wp-content\/uploads\/2016\/02\/location_chalets_bord_eau-300x228.jpg\" alt=\"chalet-06-02-chalet-1\" width=\"300\" height=\"228\" srcset=\"https:\/\/domainepinegrove.com\/wp-content\/uploads\/2016\/02\/location_chalets_bord_eau-180x138.jpg 180w, https:\/\/domainepinegrove.com\/wp-content\/uploads\/2016\/02\/location_chalets_bord_eau-300x228.jpg 300w, https:\/\/domainepinegrove.com\/wp-content\/uploads\/2016\/02\/location_chalets_bord_eau-768x585.jpg 768w, https:\/\/domainepinegrove.com\/wp-content\/uploads\/2016\/02\/location_chalets_bord_eau.jpg 800w\" sizes=\"(max-width: 300px) 100vw, 300px\" \/><\/a>We offer 8 waterfront cottages bordered by two beaches. In the shade of centenary pine trees and mature birches. All of our cottage are unique from one another, they all share a relaxing and tranquil view. Each cottage is fully equipped, from one to four bedrooms, picnic table and a campfire pit.<\/p>\n<p>Equipment; Cookware, coffee maker, toaster, microwave oven, dishes etc \u2026<\/p>\n<p>Arriving time; <strong>3 pm<\/strong><br \/>\nDeparture time; <strong>10 am<\/strong><br \/>\n(If we can, we will be happy to Accommodate you with different hours.)<\/p>\n<\/div><div class=\"fusion-sep-clear\"><\/div><div class=\"fusion-separator fusion-full-width-sep\" style=\"margin-left: auto;margin-right: auto;margin-top:10px;margin-bottom:10px;width:100%;\"><\/div><div class=\"fusion-sep-clear\"><\/div><div class=\"fusion-text fusion-text-2\"><h2><strong>Activities<\/strong><\/h2>\n<h3>Campfires<\/h3>\n<p>Campfires are permitted only in fire pits designed for this purpose and under the regulatory of SOPFEU.<\/p>\n<h3>Water activities:<a href=\"https:\/\/domainepinegrove.com\/wp-content\/uploads\/2012\/07\/domaine-pine-grove_location_de_chalets_baskatong.jpg\"  rel=\"lightbox[12238] attachment wp-att-11859\"><img decoding=\"async\" class=\"alignright wp-image-12015 size-medium\" src=\"https:\/\/domainepinegrove.com\/wp-content\/uploads\/2012\/07\/domaine-pine-grove_location_de_chalets_baskatong-300x225.jpg\" alt=\"\" width=\"300\" height=\"225\" srcset=\"https:\/\/domainepinegrove.com\/wp-content\/uploads\/2012\/07\/domaine-pine-grove_location_de_chalets_baskatong-300x225.jpg 300w, https:\/\/domainepinegrove.com\/wp-content\/uploads\/2012\/07\/domaine-pine-grove_location_de_chalets_baskatong-768x576.jpg 768w, https:\/\/domainepinegrove.com\/wp-content\/uploads\/2012\/07\/domaine-pine-grove_location_de_chalets_baskatong.jpg 800w\" sizes=\"(max-width: 300px) 100vw, 300px\" \/><\/a><\/h3>\n<p>Set in a quiet bay near the big lake!<\/p>\n<ul>\n<li>Swimming and relaxing at the beach<\/li>\n<li>Canoeing, kayaking (rentals available<\/li>\n<li>Fishing (equipment rentals, boat and motor)<\/li>\n<li>Navigation<\/li>\n<\/ul>\n<h3>Outdoor Activities<\/h3>\n<ul>\n<li>Hiking trails<\/li>\n<li>Photography<\/li>\n<li>Picking wild fruits and mushrooms<\/li>\n<li>Wildlife observation <\/li>\n<\/ul>\n<h3>Playground<\/h3>\n<p>For your gatherings or on rainy days we have on site a community room with a central fireplace.<\/p>\n<ul>\n<li>Volleyball plot <\/li>\n<li>Badminton plot<\/li>\n<li>Zip-line<\/li>\n<\/ul>\n<h3>ATV<\/h3>\n<p>Thousands of kilometers to explore, at the crossroads of three beautiful regions, many relays, nearby attractions such as Devil Mountain, Windigo waterfalls and covered bridges.  All yours to discover.  Access by a regional trail # 20. You are permitted to park your ATV alongside of your chalet. Riding on site is prohibited. Packages available. Very safe site.<\/p>\n<\/div><div class=\"fusion-clearfix\"><\/div><\/div><\/div><div class=\"fusion-layout-column fusion_builder_column fusion-builder-column-1 fusion_builder_column_1_1 1_1 fusion-one-full fusion-column-first fusion-column-last fusion-column-no-min-height\" style=\"--awb-bg-size:cover;--awb-margin-bottom:0px;\"><div class=\"fusion-column-wrapper fusion-flex-column-wrapper-legacy\"><div class=\"fusion-image-carousel fusion-image-carousel-auto fusion-image-carousel-1 lightbox-enabled fusion-carousel-border\"><div class=\"awb-carousel awb-swiper awb-swiper-carousel awb-swiper-dots-position-bottom awb-carousel--carousel\" data-layout=\"carousel\" data-autoplay=\"yes\" data-autoplayspeed=\"2500\" data-autoplaypause=\"no\" data-columns=\"6\" data-columnsmedium=\"0\" data-columnssmall=\"0\" data-itemmargin=\"13\" data-itemwidth=\"180\" data-touchscroll=\"no\" data-freemode=\"no\" data-imagesize=\"auto\" data-scrollitems=\"0\" data-centeredslides=\"no\" data-rotationangle=\"50\" data-depth=\"100\" data-speed=\"500\" data-shadow=\"no\" style=\"--awb-columns:6;--awb-border-width:1px;--awb-border-color:#e9eaee;\"><div class=\"swiper-wrapper awb-image-carousel-wrapper fusion-flex-align-items-center\"><div class=\"swiper-slide\"><div class=\"fusion-carousel-item-wrapper\"><div class=\"fusion-image-wrapper hover-type-zoomin\"><a data-rel=\"iLightbox[image_carousel_1]\" data-title=\"Domaine Pine Grove &#8211; Location de chalets bord de l\u2019eau anglais\" aria-label=\"Domaine Pine Grove &#8211; Location de chalets bord de l\u2019eau anglais\" href=\"https:\/\/domainepinegrove.com\/wp-content\/uploads\/2012\/07\/location_de_chalets_bord_eau.jpg\" target=\"_self\"><img decoding=\"async\" width=\"640\" height=\"480\" src=\"https:\/\/domainepinegrove.com\/wp-content\/uploads\/2012\/07\/location_de_chalets_bord_eau.jpg\" class=\"attachment-full size-full\" alt=\"\" \/><\/a><\/div><\/div><\/div><div class=\"swiper-slide\"><div class=\"fusion-carousel-item-wrapper\"><div class=\"fusion-image-wrapper hover-type-zoomin\"><a data-rel=\"iLightbox[image_carousel_1]\" data-title=\"Domaine Pine Grove &#8211; Location de chalets baskatong\" aria-label=\"Domaine Pine Grove &#8211; Location de chalets baskatong\" href=\"https:\/\/domainepinegrove.com\/wp-content\/uploads\/2012\/07\/domaine_pine_grove_chalet.jpg\" target=\"_self\"><img decoding=\"async\" width=\"2304\" height=\"1728\" src=\"https:\/\/domainepinegrove.com\/wp-content\/uploads\/2012\/07\/domaine_pine_grove_chalet.jpg\" class=\"attachment-full size-full\" alt=\"\" \/><\/a><\/div><\/div><\/div><div class=\"swiper-slide\"><div class=\"fusion-carousel-item-wrapper\"><div class=\"fusion-image-wrapper hover-type-zoomin\"><a data-rel=\"iLightbox[image_carousel_1]\" data-title=\"location_de_chalets_baskatong_quebec_canada_2\" aria-label=\"location_de_chalets_baskatong_quebec_canada_2\" href=\"https:\/\/domainepinegrove.com\/wp-content\/uploads\/2016\/03\/location_de_chalets_baskatong_quebec_canada_2.jpg\" target=\"_self\"><img decoding=\"async\" width=\"1224\" height=\"1632\" src=\"https:\/\/domainepinegrove.com\/wp-content\/uploads\/2016\/03\/location_de_chalets_baskatong_quebec_canada_2.jpg\" class=\"attachment-full size-full\" alt=\"gg\" \/><\/a><\/div><\/div><\/div><div class=\"swiper-slide\"><div class=\"fusion-carousel-item-wrapper\"><div class=\"fusion-image-wrapper hover-type-zoomin\"><a data-rel=\"iLightbox[image_carousel_1]\" data-title=\"Location De Chalets Baskatong Quebec Canada\" aria-label=\"Location De Chalets Baskatong Quebec Canada\" href=\"https:\/\/domainepinegrove.com\/wp-content\/uploads\/2012\/07\/location_de_chalets_baskatong_quebec_canada.jpg\" target=\"_self\"><img decoding=\"async\" width=\"2304\" height=\"3456\" src=\"https:\/\/domainepinegrove.com\/wp-content\/uploads\/2012\/07\/location_de_chalets_baskatong_quebec_canada.jpg\" class=\"attachment-full size-full\" alt=\"test\" srcset=\"https:\/\/domainepinegrove.com\/wp-content\/uploads\/2012\/07\/location_de_chalets_baskatong_quebec_canada-200x300.jpg 200w, https:\/\/domainepinegrove.com\/wp-content\/uploads\/2012\/07\/location_de_chalets_baskatong_quebec_canada.jpg 2304w\" sizes=\"(min-width: 2200px) 100vw, (min-width: 1099px) 173px, (min-width: 1007px) 207px, (min-width: 915px) 259px, (min-width: 824px) 345px, (min-width: 732px) 518px, (min-width: 640px) 732px, \" \/><\/a><\/div><\/div><\/div><div class=\"swiper-slide\"><div class=\"fusion-carousel-item-wrapper\"><div class=\"fusion-image-wrapper hover-type-zoomin\"><a data-rel=\"iLightbox[image_carousel_1]\" data-title=\"Domaine Pine Grove &#8211; Vue chalet\" aria-label=\"Domaine Pine Grove &#8211; Vue chalet\" href=\"https:\/\/domainepinegrove.com\/wp-content\/uploads\/2012\/07\/location_de_chalets_baskatong_vue.jpg\" target=\"_self\"><img decoding=\"async\" width=\"2304\" height=\"1728\" src=\"https:\/\/domainepinegrove.com\/wp-content\/uploads\/2012\/07\/location_de_chalets_baskatong_vue.jpg\" class=\"attachment-full size-full\" alt=\"\" \/><\/a><\/div><\/div><\/div><div class=\"swiper-slide\"><div class=\"fusion-carousel-item-wrapper\"><div class=\"fusion-image-wrapper hover-type-zoomin\"><a data-rel=\"iLightbox[image_carousel_1]\" data-title=\"Location de chalets Baskatong hiver\" aria-label=\"Location de chalets Baskatong hiver\" href=\"https:\/\/domainepinegrove.com\/wp-content\/uploads\/2012\/07\/location_de_chalets_baskatong_hiver.jpg\" target=\"_self\"><img decoding=\"async\" width=\"450\" height=\"600\" src=\"https:\/\/domainepinegrove.com\/wp-content\/uploads\/2012\/07\/location_de_chalets_baskatong_hiver.jpg\" class=\"attachment-full size-full\" alt=\"\" \/><\/a><\/div><\/div><\/div><div class=\"swiper-slide\"><div class=\"fusion-carousel-item-wrapper\"><div class=\"fusion-image-wrapper hover-type-zoomin\"><a data-rel=\"iLightbox[image_carousel_1]\" data-title=\"Plage Baskatong Domaine Pine Grove\" aria-label=\"Plage Baskatong Domaine Pine Grove\" href=\"https:\/\/domainepinegrove.com\/wp-content\/uploads\/2012\/07\/plage_baskatong_domaine_pine_grove.jpg\" target=\"_self\"><img decoding=\"async\" width=\"800\" height=\"600\" src=\"https:\/\/domainepinegrove.com\/wp-content\/uploads\/2012\/07\/plage_baskatong_domaine_pine_grove.jpg\" class=\"attachment-full size-full\" alt=\"\" \/><\/a><\/div><\/div><\/div><div class=\"swiper-slide\"><div class=\"fusion-carousel-item-wrapper\"><div class=\"fusion-image-wrapper hover-type-zoomin\"><a data-rel=\"iLightbox[image_carousel_1]\" href=\"https:\/\/domainepinegrove.com\/wp-content\/uploads\/2012\/07\/test.jpg\" target=\"_self\"><img decoding=\"async\" src=\"https:\/\/domainepinegrove.com\/wp-content\/uploads\/2012\/07\/test.jpg\" alt=\"\"\/><\/a><\/div><\/div><\/div><\/div><div class=\"awb-swiper-button awb-swiper-button-prev\"><i class=\"awb-icon-angle-left\" aria-hidden=\"true\"><\/i><\/div><div class=\"awb-swiper-button awb-swiper-button-next\"><i class=\"awb-icon-angle-right\" aria-hidden=\"true\"><\/i><\/div><\/div><\/div><div class=\"fusion-clearfix\"><\/div><\/div><\/div><\/div><\/div>\n","protected":false},"excerpt":{"rendered":"","protected":false},"author":1,"featured_media":0,"parent":0,"menu_order":0,"comment_status":"open","ping_status":"open","template":"","meta":{"footnotes":""},"class_list":["post-12238","page","type-page","status-publish","hentry"],"yoast_head":"<!-- This site is optimized with the Yoast SEO plugin v25.8 - https:\/\/yoast.com\/wordpress\/plugins\/seo\/ -->\n<title>Waterfront cottages rentals - Domaine Pine grove - Baskatong - Qu\u00e9bec - Canada<\/title>\n<meta name=\"robots\" content=\"index, follow, max-snippet:-1, max-image-preview:large, max-video-preview:-1\" \/>\n<link rel=\"canonical\" href=\"https:\/\/domainepinegrove.com\/en\/waterfront-cottages-rentals-baskatong\/\" \/>\n<meta property=\"og:locale\" content=\"en_US\" \/>\n<meta property=\"og:type\" content=\"article\" \/>\n<meta property=\"og:title\" content=\"Waterfront cottages rentals - Domaine Pine grove - Baskatong - Qu\u00e9bec - Canada\" \/>\n<meta property=\"og:url\" content=\"https:\/\/domainepinegrove.com\/en\/waterfront-cottages-rentals-baskatong\/\" \/>\n<meta property=\"og:site_name\" content=\"Domaine Pine grove - Baskatong - Qu\u00e9bec - Canada\" \/>\n<meta property=\"article:modified_time\" content=\"2017-03-27T17:33:10+00:00\" \/>\n<meta property=\"og:image\" content=\"https:\/\/domainepinegrove.com\/wp-content\/uploads\/2016\/02\/location_chalets_bord_eau-300x228.jpg\" \/>\n<meta name=\"twitter:card\" content=\"summary_large_image\" \/>\n<meta name=\"twitter:label1\" content=\"Est. reading time\" \/>\n\t<meta name=\"twitter:data1\" content=\"3 minutes\" \/>\n<script type=\"application\/ld+json\" class=\"yoast-schema-graph\">{\"@context\":\"https:\/\/schema.org\",\"@graph\":[{\"@type\":\"WebPage\",\"@id\":\"https:\/\/domainepinegrove.com\/en\/waterfront-cottages-rentals-baskatong\/\",\"url\":\"https:\/\/domainepinegrove.com\/en\/waterfront-cottages-rentals-baskatong\/\",\"name\":\"Waterfront cottages rentals - Domaine Pine grove - Baskatong - Qu\u00e9bec - Canada\",\"isPartOf\":{\"@id\":\"https:\/\/domainepinegrove.com\/#website\"},\"primaryImageOfPage\":{\"@id\":\"https:\/\/domainepinegrove.com\/en\/waterfront-cottages-rentals-baskatong\/#primaryimage\"},\"image\":{\"@id\":\"https:\/\/domainepinegrove.com\/en\/waterfront-cottages-rentals-baskatong\/#primaryimage\"},\"thumbnailUrl\":\"https:\/\/domainepinegrove.com\/wp-content\/uploads\/2016\/02\/location_chalets_bord_eau-300x228.jpg\",\"datePublished\":\"2012-07-31T02:17:47+00:00\",\"dateModified\":\"2017-03-27T17:33:10+00:00\",\"breadcrumb\":{\"@id\":\"https:\/\/domainepinegrove.com\/en\/waterfront-cottages-rentals-baskatong\/#breadcrumb\"},\"inLanguage\":\"en-US\",\"potentialAction\":[{\"@type\":\"ReadAction\",\"target\":[\"https:\/\/domainepinegrove.com\/en\/waterfront-cottages-rentals-baskatong\/\"]}]},{\"@type\":\"ImageObject\",\"inLanguage\":\"en-US\",\"@id\":\"https:\/\/domainepinegrove.com\/en\/waterfront-cottages-rentals-baskatong\/#primaryimage\",\"url\":\"https:\/\/domainepinegrove.com\/wp-content\/uploads\/2016\/02\/location_chalets_bord_eau-300x228.jpg\",\"contentUrl\":\"https:\/\/domainepinegrove.com\/wp-content\/uploads\/2016\/02\/location_chalets_bord_eau-300x228.jpg\"},{\"@type\":\"BreadcrumbList\",\"@id\":\"https:\/\/domainepinegrove.com\/en\/waterfront-cottages-rentals-baskatong\/#breadcrumb\",\"itemListElement\":[{\"@type\":\"ListItem\",\"position\":1,\"name\":\"Accueil\",\"item\":\"https:\/\/domainepinegrove.com\/en\/\"},{\"@type\":\"ListItem\",\"position\":2,\"name\":\"Waterfront cottages rentals\"}]},{\"@type\":\"WebSite\",\"@id\":\"https:\/\/domainepinegrove.com\/#website\",\"url\":\"https:\/\/domainepinegrove.com\/\",\"name\":\"Domaine Pine grove - Baskatong - Qu\u00e9bec - Canada\",\"description\":\"Site de vill\u00e9giature et d&#039;activit\u00e9s de plein air sur les rives du Baskatong\",\"potentialAction\":[{\"@type\":\"SearchAction\",\"target\":{\"@type\":\"EntryPoint\",\"urlTemplate\":\"https:\/\/domainepinegrove.com\/?s={search_term_string}\"},\"query-input\":{\"@type\":\"PropertyValueSpecification\",\"valueRequired\":true,\"valueName\":\"search_term_string\"}}],\"inLanguage\":\"en-US\"}]}<\/script>\n<!-- \/ Yoast SEO plugin. -->","yoast_head_json":{"title":"Waterfront cottages rentals - Domaine Pine grove - Baskatong - Qu\u00e9bec - Canada","robots":{"index":"index","follow":"follow","max-snippet":"max-snippet:-1","max-image-preview":"max-image-preview:large","max-video-preview":"max-video-preview:-1"},"canonical":"https:\/\/domainepinegrove.com\/en\/waterfront-cottages-rentals-baskatong\/","og_locale":"en_US","og_type":"article","og_title":"Waterfront cottages rentals - Domaine Pine grove - Baskatong - Qu\u00e9bec - Canada","og_url":"https:\/\/domainepinegrove.com\/en\/waterfront-cottages-rentals-baskatong\/","og_site_name":"Domaine Pine grove - Baskatong - Qu\u00e9bec - Canada","article_modified_time":"2017-03-27T17:33:10+00:00","og_image":[{"url":"https:\/\/domainepinegrove.com\/wp-content\/uploads\/2016\/02\/location_chalets_bord_eau-300x228.jpg","type":"","width":"","height":""}],"twitter_card":"summary_large_image","twitter_misc":{"Est. reading time":"3 minutes"},"schema":{"@context":"https:\/\/schema.org","@graph":[{"@type":"WebPage","@id":"https:\/\/domainepinegrove.com\/en\/waterfront-cottages-rentals-baskatong\/","url":"https:\/\/domainepinegrove.com\/en\/waterfront-cottages-rentals-baskatong\/","name":"Waterfront cottages rentals - Domaine Pine grove - Baskatong - Qu\u00e9bec - Canada","isPartOf":{"@id":"https:\/\/domainepinegrove.com\/#website"},"primaryImageOfPage":{"@id":"https:\/\/domainepinegrove.com\/en\/waterfront-cottages-rentals-baskatong\/#primaryimage"},"image":{"@id":"https:\/\/domainepinegrove.com\/en\/waterfront-cottages-rentals-baskatong\/#primaryimage"},"thumbnailUrl":"https:\/\/domainepinegrove.com\/wp-content\/uploads\/2016\/02\/location_chalets_bord_eau-300x228.jpg","datePublished":"2012-07-31T02:17:47+00:00","dateModified":"2017-03-27T17:33:10+00:00","breadcrumb":{"@id":"https:\/\/domainepinegrove.com\/en\/waterfront-cottages-rentals-baskatong\/#breadcrumb"},"inLanguage":"en-US","potentialAction":[{"@type":"ReadAction","target":["https:\/\/domainepinegrove.com\/en\/waterfront-cottages-rentals-baskatong\/"]}]},{"@type":"ImageObject","inLanguage":"en-US","@id":"https:\/\/domainepinegrove.com\/en\/waterfront-cottages-rentals-baskatong\/#primaryimage","url":"https:\/\/domainepinegrove.com\/wp-content\/uploads\/2016\/02\/location_chalets_bord_eau-300x228.jpg","contentUrl":"https:\/\/domainepinegrove.com\/wp-content\/uploads\/2016\/02\/location_chalets_bord_eau-300x228.jpg"},{"@type":"BreadcrumbList","@id":"https:\/\/domainepinegrove.com\/en\/waterfront-cottages-rentals-baskatong\/#breadcrumb","itemListElement":[{"@type":"ListItem","position":1,"name":"Accueil","item":"https:\/\/domainepinegrove.com\/en\/"},{"@type":"ListItem","position":2,"name":"Waterfront cottages rentals"}]},{"@type":"WebSite","@id":"https:\/\/domainepinegrove.com\/#website","url":"https:\/\/domainepinegrove.com\/","name":"Domaine Pine grove - Baskatong - Qu\u00e9bec - Canada","description":"Site de vill\u00e9giature et d&#039;activit\u00e9s de plein air sur les rives du Baskatong","potentialAction":[{"@type":"SearchAction","target":{"@type":"EntryPoint","urlTemplate":"https:\/\/domainepinegrove.com\/?s={search_term_string}"},"query-input":{"@type":"PropertyValueSpecification","valueRequired":true,"valueName":"search_term_string"}}],"inLanguage":"en-US"}]}},"_links":{"self":[{"href":"https:\/\/domainepinegrove.com\/en\/wp-json\/wp\/v2\/pages\/12238","targetHints":{"allow":["GET"]}}],"collection":[{"href":"https:\/\/domainepinegrove.com\/en\/wp-json\/wp\/v2\/pages"}],"about":[{"href":"https:\/\/domainepinegrove.com\/en\/wp-json\/wp\/v2\/types\/page"}],"author":[{"embeddable":true,"href":"https:\/\/domainepinegrove.com\/en\/wp-json\/wp\/v2\/users\/1"}],"replies":[{"embeddable":true,"href":"https:\/\/domainepinegrove.com\/en\/wp-json\/wp\/v2\/comments?post=12238"}],"version-history":[{"count":19,"href":"https:\/\/domainepinegrove.com\/en\/wp-json\/wp\/v2\/pages\/12238\/revisions"}],"predecessor-version":[{"id":13680,"href":"https:\/\/domainepinegrove.com\/en\/wp-json\/wp\/v2\/pages\/12238\/revisions\/13680"}],"wp:attachment":[{"href":"https:\/\/domainepinegrove.com\/en\/wp-json\/wp\/v2\/media?parent=12238"}],"curies":[{"name":"wp","href":"https:\/\/api.w.org\/{rel}","templated":true}]}}