{"id":12241,"date":"2016-02-11T03:01:38","date_gmt":"2016-02-11T02:01:38","guid":{"rendered":"http:\/\/domainepinegrove.com\/camping-baskatong\/?lang=en"},"modified":"2017-03-27T12:33:09","modified_gmt":"2017-03-27T17:33:09","slug":"camping-baskatong","status":"publish","type":"page","link":"https:\/\/domainepinegrove.com\/en\/camping-baskatong\/","title":{"rendered":"Camping"},"content":{"rendered":"<div class=\"fusion-fullwidth fullwidth-box fusion-builder-row-1 hundred-percent-fullwidth non-hundred-percent-height-scrolling\" style=\"--awb-border-radius-top-left:0px;--awb-border-radius-top-right:0px;--awb-border-radius-bottom-right:0px;--awb-border-radius-bottom-left:0px;--awb-overflow:visible;--awb-flex-wrap:wrap;\" ><div class=\"fusion-builder-row fusion-row\"><div class=\"fusion-layout-column fusion_builder_column fusion-builder-column-0 fusion_builder_column_3_4 3_4 fusion-three-fourth fusion-column-first\" style=\"--awb-bg-size:cover;width:74%; margin-right: 4%;\"><div class=\"fusion-column-wrapper fusion-flex-column-wrapper-legacy\"><div class=\"fusion-text fusion-text-1\"><p>Our campsite is situated in the shadows of mature birch trees. For your convenience a large sanitary block with showers, toilets and laundry. For your gatherings or on rainy days, we provide you with a community room with a central fireplace.<\/p>\n<h3>Wilderness Camping<\/h3>\n<p>Waterfront locations with fire pit and picnic table. Direct access to the beach.<\/p>\n<h3>Daily camping<\/h3>\n<p>Available with or without service. Waterfront with fireplace and picnic table.<\/p>\n<h3>Seasonal camping<\/h3>\n<ul>\n<li>All services (water, electricity 15amps, sewer), large campground with water view.<\/li>\n<li>Waterfront two \u00bd services (water, electricity 15amps, grey water) large campground.<\/li>\n<\/ul>\n<h2 style=\"margin-top: 30px;\"><strong>Activities<\/strong><\/h2>\n<h3>Campfires<\/h3>\n<p>Campfires are permitted only in fire pits designed for this purpose and under SOPFEU regulations.<\/p>\n<h3 style=\"clear: both;\">Water activities:<\/h3>\n<p>Set in a quiet bay, near the big lake!<\/p>\n<ul>\n<li>Swimming and relaxing at the beach<\/li>\n<li>Canoeing, kayaking (rentals available)<\/li>\n<li>Fishing (equipment rentals, boat and motor)<\/li>\n<li>Navigation<\/li>\n<\/ul>\n<p><a href=\"https:\/\/domainepinegrove.com\/wp-content\/uploads\/2012\/07\/plage_baskatong_domaine_pine_grove.jpg\"  rel=\"lightbox[12241] attachment wp-att-12017\"><img decoding=\"async\" class=\"alignleft size-medium wp-image-12017\" style=\"margin: 5px 50px 60px 0;\" src=\"https:\/\/domainepinegrove.com\/wp-content\/uploads\/2012\/07\/plage_baskatong_domaine_pine_grove-300x225.jpg\" alt=\"plage_domaine_pine_grove\" width=\"300\" height=\"225\" srcset=\"https:\/\/domainepinegrove.com\/wp-content\/uploads\/2012\/07\/plage_baskatong_domaine_pine_grove-300x225.jpg 300w, https:\/\/domainepinegrove.com\/wp-content\/uploads\/2012\/07\/plage_baskatong_domaine_pine_grove-768x576.jpg 768w, https:\/\/domainepinegrove.com\/wp-content\/uploads\/2012\/07\/plage_baskatong_domaine_pine_grove.jpg 800w\" sizes=\"(max-width: 300px) 100vw, 300px\" \/><\/a><\/p>\n<h3>Outdoor Activities<\/h3>\n<ul>\n<li>Hiking trails<\/li>\n<li>Photography<\/li>\n<li>Picking wild fruit and mushrooms<\/li>\n<li>Wildlife observation<\/li>\n<\/ul>\n<h3>Playground<\/h3>\n<p>For your gatherings or on rainy days we provide you with a community room with central fireplace.<\/p>\n<ul>\n<li>Volleyball plot<\/li>\n<li>Badminton plot<\/li>\n<li>Zip-line<\/li>\n<\/ul>\n<\/div><div class=\"fusion-clearfix\"><\/div><\/div><\/div><div class=\"fusion-layout-column fusion_builder_column fusion-builder-column-1 fusion_builder_column_1_4 1_4 fusion-one-fourth fusion-column-last\" style=\"--awb-bg-size:cover;width:22%;\"><div class=\"fusion-column-wrapper fusion-flex-column-wrapper-legacy\"><div class=\"fusion-text fusion-text-2\"><p><a href=\"https:\/\/domainepinegrove.com\/wp-content\/uploads\/2016\/02\/domaine_pine_grove_camping_lac_baskatong.jpg\"  rel=\"lightbox[12241] attachment wp-att-11769\"><br \/>\n<\/a><a href=\"https:\/\/domainepinegrove.com\/wp-content\/uploads\/2016\/02\/domaine_pine_grove_camping_baskatong.jpg\" rel=\"lightbox[12241]\"><img decoding=\"async\" class=\"alignnone wp-image-11967 size-medium\" style=\"margin-bottom: 20px;\" src=\"https:\/\/domainepinegrove.com\/wp-content\/uploads\/2016\/02\/domaine_pine_grove_camping_baskatong-300x225.jpg\" alt=\"\" width=\"300\" height=\"225\" srcset=\"https:\/\/domainepinegrove.com\/wp-content\/uploads\/2016\/02\/domaine_pine_grove_camping_baskatong-300x225.jpg 300w, https:\/\/domainepinegrove.com\/wp-content\/uploads\/2016\/02\/domaine_pine_grove_camping_baskatong-768x576.jpg 768w, https:\/\/domainepinegrove.com\/wp-content\/uploads\/2016\/02\/domaine_pine_grove_camping_baskatong.jpg 800w\" sizes=\"(max-width: 300px) 100vw, 300px\" \/><\/a><br \/>\n<a href=\"https:\/\/domainepinegrove.com\/wp-content\/uploads\/2016\/02\/domaine_pine_grove_camping_saisonnier_baskatong.jpg\" rel=\"lightbox[12241]\"><img decoding=\"async\" class=\"alignnone wp-image-11956 size-medium\" src=\"https:\/\/domainepinegrove.com\/wp-content\/uploads\/2016\/02\/domaine_pine_grove_camping_saisonnier_baskatong-300x225.jpg\" alt=\"camping09\" width=\"300\" height=\"225\" srcset=\"https:\/\/domainepinegrove.com\/wp-content\/uploads\/2016\/02\/domaine_pine_grove_camping_saisonnier_baskatong-300x225.jpg 300w, https:\/\/domainepinegrove.com\/wp-content\/uploads\/2016\/02\/domaine_pine_grove_camping_saisonnier_baskatong-768x576.jpg 768w, https:\/\/domainepinegrove.com\/wp-content\/uploads\/2016\/02\/domaine_pine_grove_camping_saisonnier_baskatong-1024x768.jpg 1024w, https:\/\/domainepinegrove.com\/wp-content\/uploads\/2016\/02\/domaine_pine_grove_camping_saisonnier_baskatong.jpg 1152w\" sizes=\"(max-width: 300px) 100vw, 300px\" \/><\/a><\/p>\n<\/div><div class=\"fusion-clearfix\"><\/div><\/div><\/div><div class=\"fusion-layout-column fusion_builder_column fusion-builder-column-2 fusion_builder_column_1_1 1_1 fusion-one-full fusion-column-first fusion-column-last fusion-column-no-min-height\" style=\"--awb-bg-size:cover;--awb-margin-bottom:0px;\"><div class=\"fusion-column-wrapper fusion-flex-column-wrapper-legacy\"><div class=\"fusion-image-carousel fusion-image-carousel-auto fusion-image-carousel-1 lightbox-enabled fusion-carousel-border\"><div class=\"awb-carousel awb-swiper awb-swiper-carousel awb-swiper-dots-position-bottom awb-carousel--carousel\" data-layout=\"carousel\" data-autoplay=\"yes\" data-autoplayspeed=\"2500\" data-autoplaypause=\"no\" data-columns=\"6\" data-columnsmedium=\"0\" data-columnssmall=\"0\" data-itemmargin=\"13\" data-itemwidth=\"180\" data-touchscroll=\"no\" data-freemode=\"no\" data-imagesize=\"auto\" data-scrollitems=\"0\" data-centeredslides=\"no\" data-rotationangle=\"50\" data-depth=\"100\" data-speed=\"500\" data-shadow=\"no\" style=\"--awb-columns:6;--awb-border-width:1px;--awb-border-color:#e9eaee;\"><div class=\"swiper-wrapper awb-image-carousel-wrapper fusion-flex-align-items-center\"><div class=\"swiper-slide\"><div class=\"fusion-carousel-item-wrapper\"><div class=\"fusion-image-wrapper hover-type-zoomin\"><a data-rel=\"iLightbox[image_carousel_1]\" data-title=\"Domaine Pine Grove &#8211; Camping\" aria-label=\"Domaine Pine Grove &#8211; Camping\" href=\"https:\/\/domainepinegrove.com\/wp-content\/uploads\/2016\/02\/domaine_pine_grove_camping.jpg\" target=\"_self\"><img decoding=\"async\" width=\"800\" height=\"531\" src=\"https:\/\/domainepinegrove.com\/wp-content\/uploads\/2016\/02\/domaine_pine_grove_camping.jpg\" class=\"attachment-full size-full\" alt=\"\" \/><\/a><\/div><\/div><\/div><div class=\"swiper-slide\"><div class=\"fusion-carousel-item-wrapper\"><div class=\"fusion-image-wrapper hover-type-zoomin\"><a data-rel=\"iLightbox[image_carousel_1]\" data-title=\"Domaine Pine Grove &#8211; Camping\" aria-label=\"Domaine Pine Grove &#8211; Camping\" href=\"https:\/\/domainepinegrove.com\/wp-content\/uploads\/2016\/02\/domaine_pine_grove_camping_kayak_baskatong.jpg\" target=\"_self\"><img decoding=\"async\" width=\"800\" height=\"533\" src=\"https:\/\/domainepinegrove.com\/wp-content\/uploads\/2016\/02\/domaine_pine_grove_camping_kayak_baskatong.jpg\" class=\"attachment-full size-full\" alt=\"\" \/><\/a><\/div><\/div><\/div><\/div><div class=\"awb-swiper-button awb-swiper-button-prev\"><i class=\"awb-icon-angle-left\" aria-hidden=\"true\"><\/i><\/div><div class=\"awb-swiper-button awb-swiper-button-next\"><i class=\"awb-icon-angle-right\" aria-hidden=\"true\"><\/i><\/div><\/div><\/div><div class=\"fusion-clearfix\"><\/div><\/div><\/div><\/div><\/div>\n","protected":false},"excerpt":{"rendered":"","protected":false},"author":1,"featured_media":0,"parent":0,"menu_order":0,"comment_status":"open","ping_status":"open","template":"","meta":{"footnotes":""},"class_list":["post-12241","page","type-page","status-publish","hentry"],"yoast_head":"<!-- This site is optimized with the Yoast SEO plugin v25.8 - https:\/\/yoast.com\/wordpress\/plugins\/seo\/ -->\n<title>Camping kayaking - Domaine Pine grove - Baskatong - Qu\u00e9bec - Canada<\/title>\n<meta name=\"robots\" content=\"index, follow, max-snippet:-1, max-image-preview:large, max-video-preview:-1\" \/>\n<link rel=\"canonical\" href=\"https:\/\/domainepinegrove.com\/en\/camping-baskatong\/\" \/>\n<meta property=\"og:locale\" content=\"en_US\" \/>\n<meta property=\"og:type\" content=\"article\" \/>\n<meta property=\"og:title\" content=\"Camping kayaking - Domaine Pine grove - Baskatong - Qu\u00e9bec - Canada\" \/>\n<meta property=\"og:url\" content=\"https:\/\/domainepinegrove.com\/en\/camping-baskatong\/\" \/>\n<meta property=\"og:site_name\" content=\"Domaine Pine grove - Baskatong - Qu\u00e9bec - Canada\" \/>\n<meta property=\"article:modified_time\" content=\"2017-03-27T17:33:09+00:00\" \/>\n<meta property=\"og:image\" content=\"https:\/\/domainepinegrove.com\/wp-content\/uploads\/2012\/07\/plage_baskatong_domaine_pine_grove-300x225.jpg\" \/>\n<meta name=\"twitter:card\" content=\"summary_large_image\" \/>\n<meta name=\"twitter:label1\" content=\"Est. reading time\" \/>\n\t<meta name=\"twitter:data1\" content=\"2 minutes\" \/>\n<script type=\"application\/ld+json\" class=\"yoast-schema-graph\">{\"@context\":\"https:\/\/schema.org\",\"@graph\":[{\"@type\":\"WebPage\",\"@id\":\"https:\/\/domainepinegrove.com\/en\/camping-baskatong\/\",\"url\":\"https:\/\/domainepinegrove.com\/en\/camping-baskatong\/\",\"name\":\"Camping kayaking - Domaine Pine grove - Baskatong - Qu\u00e9bec - Canada\",\"isPartOf\":{\"@id\":\"https:\/\/domainepinegrove.com\/#website\"},\"primaryImageOfPage\":{\"@id\":\"https:\/\/domainepinegrove.com\/en\/camping-baskatong\/#primaryimage\"},\"image\":{\"@id\":\"https:\/\/domainepinegrove.com\/en\/camping-baskatong\/#primaryimage\"},\"thumbnailUrl\":\"https:\/\/domainepinegrove.com\/wp-content\/uploads\/2012\/07\/plage_baskatong_domaine_pine_grove-300x225.jpg\",\"datePublished\":\"2016-02-11T02:01:38+00:00\",\"dateModified\":\"2017-03-27T17:33:09+00:00\",\"breadcrumb\":{\"@id\":\"https:\/\/domainepinegrove.com\/en\/camping-baskatong\/#breadcrumb\"},\"inLanguage\":\"en-US\",\"potentialAction\":[{\"@type\":\"ReadAction\",\"target\":[\"https:\/\/domainepinegrove.com\/en\/camping-baskatong\/\"]}]},{\"@type\":\"ImageObject\",\"inLanguage\":\"en-US\",\"@id\":\"https:\/\/domainepinegrove.com\/en\/camping-baskatong\/#primaryimage\",\"url\":\"https:\/\/domainepinegrove.com\/wp-content\/uploads\/2012\/07\/plage_baskatong_domaine_pine_grove-300x225.jpg\",\"contentUrl\":\"https:\/\/domainepinegrove.com\/wp-content\/uploads\/2012\/07\/plage_baskatong_domaine_pine_grove-300x225.jpg\"},{\"@type\":\"BreadcrumbList\",\"@id\":\"https:\/\/domainepinegrove.com\/en\/camping-baskatong\/#breadcrumb\",\"itemListElement\":[{\"@type\":\"ListItem\",\"position\":1,\"name\":\"Accueil\",\"item\":\"https:\/\/domainepinegrove.com\/en\/\"},{\"@type\":\"ListItem\",\"position\":2,\"name\":\"Camping\"}]},{\"@type\":\"WebSite\",\"@id\":\"https:\/\/domainepinegrove.com\/#website\",\"url\":\"https:\/\/domainepinegrove.com\/\",\"name\":\"Domaine Pine grove - Baskatong - Qu\u00e9bec - Canada\",\"description\":\"Site de vill\u00e9giature et d&#039;activit\u00e9s de plein air sur les rives du Baskatong\",\"potentialAction\":[{\"@type\":\"SearchAction\",\"target\":{\"@type\":\"EntryPoint\",\"urlTemplate\":\"https:\/\/domainepinegrove.com\/?s={search_term_string}\"},\"query-input\":{\"@type\":\"PropertyValueSpecification\",\"valueRequired\":true,\"valueName\":\"search_term_string\"}}],\"inLanguage\":\"en-US\"}]}<\/script>\n<!-- \/ Yoast SEO plugin. -->","yoast_head_json":{"title":"Camping kayaking - Domaine Pine grove - Baskatong - Qu\u00e9bec - Canada","robots":{"index":"index","follow":"follow","max-snippet":"max-snippet:-1","max-image-preview":"max-image-preview:large","max-video-preview":"max-video-preview:-1"},"canonical":"https:\/\/domainepinegrove.com\/en\/camping-baskatong\/","og_locale":"en_US","og_type":"article","og_title":"Camping kayaking - Domaine Pine grove - Baskatong - Qu\u00e9bec - Canada","og_url":"https:\/\/domainepinegrove.com\/en\/camping-baskatong\/","og_site_name":"Domaine Pine grove - Baskatong - Qu\u00e9bec - Canada","article_modified_time":"2017-03-27T17:33:09+00:00","og_image":[{"url":"https:\/\/domainepinegrove.com\/wp-content\/uploads\/2012\/07\/plage_baskatong_domaine_pine_grove-300x225.jpg","type":"","width":"","height":""}],"twitter_card":"summary_large_image","twitter_misc":{"Est. reading time":"2 minutes"},"schema":{"@context":"https:\/\/schema.org","@graph":[{"@type":"WebPage","@id":"https:\/\/domainepinegrove.com\/en\/camping-baskatong\/","url":"https:\/\/domainepinegrove.com\/en\/camping-baskatong\/","name":"Camping kayaking - Domaine Pine grove - Baskatong - Qu\u00e9bec - Canada","isPartOf":{"@id":"https:\/\/domainepinegrove.com\/#website"},"primaryImageOfPage":{"@id":"https:\/\/domainepinegrove.com\/en\/camping-baskatong\/#primaryimage"},"image":{"@id":"https:\/\/domainepinegrove.com\/en\/camping-baskatong\/#primaryimage"},"thumbnailUrl":"https:\/\/domainepinegrove.com\/wp-content\/uploads\/2012\/07\/plage_baskatong_domaine_pine_grove-300x225.jpg","datePublished":"2016-02-11T02:01:38+00:00","dateModified":"2017-03-27T17:33:09+00:00","breadcrumb":{"@id":"https:\/\/domainepinegrove.com\/en\/camping-baskatong\/#breadcrumb"},"inLanguage":"en-US","potentialAction":[{"@type":"ReadAction","target":["https:\/\/domainepinegrove.com\/en\/camping-baskatong\/"]}]},{"@type":"ImageObject","inLanguage":"en-US","@id":"https:\/\/domainepinegrove.com\/en\/camping-baskatong\/#primaryimage","url":"https:\/\/domainepinegrove.com\/wp-content\/uploads\/2012\/07\/plage_baskatong_domaine_pine_grove-300x225.jpg","contentUrl":"https:\/\/domainepinegrove.com\/wp-content\/uploads\/2012\/07\/plage_baskatong_domaine_pine_grove-300x225.jpg"},{"@type":"BreadcrumbList","@id":"https:\/\/domainepinegrove.com\/en\/camping-baskatong\/#breadcrumb","itemListElement":[{"@type":"ListItem","position":1,"name":"Accueil","item":"https:\/\/domainepinegrove.com\/en\/"},{"@type":"ListItem","position":2,"name":"Camping"}]},{"@type":"WebSite","@id":"https:\/\/domainepinegrove.com\/#website","url":"https:\/\/domainepinegrove.com\/","name":"Domaine Pine grove - Baskatong - Qu\u00e9bec - Canada","description":"Site de vill\u00e9giature et d&#039;activit\u00e9s de plein air sur les rives du Baskatong","potentialAction":[{"@type":"SearchAction","target":{"@type":"EntryPoint","urlTemplate":"https:\/\/domainepinegrove.com\/?s={search_term_string}"},"query-input":{"@type":"PropertyValueSpecification","valueRequired":true,"valueName":"search_term_string"}}],"inLanguage":"en-US"}]}},"_links":{"self":[{"href":"https:\/\/domainepinegrove.com\/en\/wp-json\/wp\/v2\/pages\/12241","targetHints":{"allow":["GET"]}}],"collection":[{"href":"https:\/\/domainepinegrove.com\/en\/wp-json\/wp\/v2\/pages"}],"about":[{"href":"https:\/\/domainepinegrove.com\/en\/wp-json\/wp\/v2\/types\/page"}],"author":[{"embeddable":true,"href":"https:\/\/domainepinegrove.com\/en\/wp-json\/wp\/v2\/users\/1"}],"replies":[{"embeddable":true,"href":"https:\/\/domainepinegrove.com\/en\/wp-json\/wp\/v2\/comments?post=12241"}],"version-history":[{"count":6,"href":"https:\/\/domainepinegrove.com\/en\/wp-json\/wp\/v2\/pages\/12241\/revisions"}],"predecessor-version":[{"id":12471,"href":"https:\/\/domainepinegrove.com\/en\/wp-json\/wp\/v2\/pages\/12241\/revisions\/12471"}],"wp:attachment":[{"href":"https:\/\/domainepinegrove.com\/en\/wp-json\/wp\/v2\/media?parent=12241"}],"curies":[{"name":"wp","href":"https:\/\/api.w.org\/{rel}","templated":true}]}}