{"id":12253,"date":"2016-02-11T03:29:14","date_gmt":"2016-02-11T02:29:14","guid":{"rendered":"http:\/\/domainepinegrove.com\/chasse-cerfs-de-virginie-petits-gibiers-becasse-quebec-canada\/?lang=en"},"modified":"2021-06-22T08:34:20","modified_gmt":"2021-06-22T13:34:20","slug":"hunting-white-tailed-deer-small-game-woodcock-quebec-canada","status":"publish","type":"page","link":"https:\/\/domainepinegrove.com\/en\/hunting-white-tailed-deer-small-game-woodcock-quebec-canada\/","title":{"rendered":"Hunting"},"content":{"rendered":"<div class=\"fusion-fullwidth fullwidth-box fusion-builder-row-1 hundred-percent-fullwidth non-hundred-percent-height-scrolling\" style=\"--awb-border-radius-top-left:0px;--awb-border-radius-top-right:0px;--awb-border-radius-bottom-right:0px;--awb-border-radius-bottom-left:0px;--awb-overflow:visible;--awb-flex-wrap:wrap;\" ><div class=\"fusion-builder-row fusion-row\"><div class=\"fusion-layout-column fusion_builder_column fusion-builder-column-0 fusion_builder_column_1_1 1_1 fusion-one-full fusion-column-first fusion-column-last fusion-column-no-min-height\" style=\"--awb-bg-size:cover;--awb-margin-bottom:0px;\"><div class=\"fusion-column-wrapper fusion-flex-column-wrapper-legacy\"><div class=\"fusion-text fusion-text-1\"><h2>A quality hunting destination!<\/h2>\n<p>In zone 11, on an exceptional migratory path for woodcock, ducks (many species) and Canadian geese. <!--Our territory is ideal for white tailed deer, home to a mature population.--><\/p>\n<p>Firearms \u2013 Bow \u2013 Crossbow<\/p>\n<p>Small game; Grouse, woodcock, hare, duck and Canadian goose.<br \/>\n<!--Big game; White-tailed deer.--><br \/>\n<a href=\"https:\/\/domainepinegrove.com\/wp-content\/uploads\/2016\/02\/chasse_becasse_baskatong_Quebec_Canada.jpg\"  rel=\"lightbox[12253] attachment wp-att-11803\"><img decoding=\"async\" class=\"alignleft size-medium wp-image-11803\" style=\"margin-bottom: 20px; margin-top: 20px;\" src=\"https:\/\/domainepinegrove.com\/wp-content\/uploads\/2016\/02\/chasse_becasse_baskatong_Quebec_Canada.jpg\" alt=\"chasse becasse de pres\" width=\"300\" height=\"170\" srcset=\"https:\/\/domainepinegrove.com\/wp-content\/uploads\/2016\/02\/chasse_becasse_baskatong_Quebec_Canada-300x170.jpg 300w, https:\/\/domainepinegrove.com\/wp-content\/uploads\/2016\/02\/chasse_becasse_baskatong_Quebec_Canada-768x434.jpg 768w, https:\/\/domainepinegrove.com\/wp-content\/uploads\/2016\/02\/chasse_becasse_baskatong_Quebec_Canada-1024x579.jpg 1024w, https:\/\/domainepinegrove.com\/wp-content\/uploads\/2016\/02\/chasse_becasse_baskatong_Quebec_Canada.jpg 1159w\" sizes=\"(max-width: 300px) 100vw, 300px\" \/><\/a><\/p>\n<h3>Small game<\/h3>\n<p>An exceptional territory for a challenge size! \u2018Scolopax Minor\u2019 American Woodcock or Timberdoodle! An ideal biotope, situated on a migratory path for your hunting enjoyment. Come and hunt with your trusty four-legged hunting companion. Our canine friends are welcome. Ruffed grouse and snowshoe hare abound on our territory. Small game enthusiasts you will be delighted with our network of paths in an enchanting and gamey land. You can finish your day by going in the evening for duck and geese.<\/p>\n<h3 style=\"padding-top: 20px; clear: both;\">Package includes accommodation and hunting rights (PE).<\/h3>\n<p>Minimum 2 hunters for a period ranging from 2 to 6 days.<\/p>\n<h3>All inclusive package (PA)<a href=\"https:\/\/domainepinegrove.com\/wp-content\/uploads\/2016\/02\/chasse_pourvoirie_baskatong.jpg\"  rel=\"lightbox[12253] attachment wp-att-11978\"><img decoding=\"async\" class=\"alignright size-medium wp-image-11978\" src=\"https:\/\/domainepinegrove.com\/wp-content\/uploads\/2016\/02\/chasse_pourvoirie_baskatong.jpg\" alt=\"chasseperdrix\" width=\"300\" height=\"225\" srcset=\"https:\/\/domainepinegrove.com\/wp-content\/uploads\/2016\/02\/chasse_pourvoirie_baskatong-300x225.jpg 300w, https:\/\/domainepinegrove.com\/wp-content\/uploads\/2016\/02\/chasse_pourvoirie_baskatong-768x575.jpg 768w, https:\/\/domainepinegrove.com\/wp-content\/uploads\/2016\/02\/chasse_pourvoirie_baskatong.jpg 800w\" sizes=\"(max-width: 300px) 100vw, 300px\" \/><\/a><\/h3>\n<ul>\n<li>including transport to and from airport<\/li>\n<li>7 Nights \/ 6 days of hunting<\/li>\n<li>Accommodation in fully equipped waterfront cottage<\/li>\n<li>All meals<\/li>\n<li>hunting rights<\/li>\n<\/ul>\n<p>(Not included; airline tickets and permits)<\/p>\n<p>For a custom quote <a href=\"https:\/\/domainepinegrove.com\/en\/contact-us\/\">CONTACT US !! <\/a> !!\u00a0\u00a0 \/\/\u00a0\u00a0 Representative for Europe Yann Leitner<\/p>\n<p><!--\n\n\n\n\n\n<hr \/>\n\n\n\n\n\n\n\n\n\n<h2 style=\"margin-top: 20px;\">White tailed deer<\/h2>\n\n\n\n\n<a href=\"https:\/\/domainepinegrove.com\/wp-content\/uploads\/2016\/02\/domaine_pine_grove_chasse_cerfs_de_virginie_baskatong.jpg\" rel=\"lightbox[12253]\"><img decoding=\"async\" class=\"alignright wp-image-12001 size-medium\" src=\"https:\/\/domainepinegrove.com\/wp-content\/uploads\/2016\/02\/domaine_pine_grove_chasse_cerfs_de_virginie_baskatong.jpg\" alt=\"\" width=\"300\" height=\"200\" srcset=\"https:\/\/domainepinegrove.com\/wp-content\/uploads\/2016\/02\/domaine_pine_grove_chasse_cerfs_de_virginie_baskatong-300x200.jpg 300w, https:\/\/domainepinegrove.com\/wp-content\/uploads\/2016\/02\/domaine_pine_grove_chasse_cerfs_de_virginie_baskatong-768x511.jpg 768w, https:\/\/domainepinegrove.com\/wp-content\/uploads\/2016\/02\/domaine_pine_grove_chasse_cerfs_de_virginie_baskatong.jpg 800w\" sizes=\"(max-width: 300px) 100vw, 300px\" \/><\/a>Hunting on private land, zone 11 east, with 8 baited locations. Our territory is situated on a peninsula populated with birch and aspen, on the shores of Baskatong, ideal habitat for white-tailed deer.\n\n\n\n\n<h3>Package includes accommodation and hunting rights (PE).<\/h3>\n\n\n\n\nMinimum 3 hunters for a period ranging from 3 to 6 days.--><\/p>\n<\/div><div class=\"fusion-clearfix\"><\/div><\/div><\/div><\/div><\/div>\n","protected":false},"excerpt":{"rendered":"","protected":false},"author":1,"featured_media":0,"parent":0,"menu_order":0,"comment_status":"open","ping_status":"open","template":"","meta":{"footnotes":""},"class_list":["post-12253","page","type-page","status-publish","hentry"],"yoast_head":"<!-- This site is optimized with the Yoast SEO plugin v25.8 - https:\/\/yoast.com\/wordpress\/plugins\/seo\/ -->\n<title>White tailed deer - Small game - Woodcock- - Domaine Pine grove - Baskatong - Qu\u00e9bec - Canada<\/title>\n<meta name=\"robots\" content=\"index, follow, max-snippet:-1, max-image-preview:large, max-video-preview:-1\" \/>\n<link rel=\"canonical\" href=\"https:\/\/domainepinegrove.com\/en\/hunting-white-tailed-deer-small-game-woodcock-quebec-canada\/\" \/>\n<meta property=\"og:locale\" content=\"en_US\" \/>\n<meta property=\"og:type\" content=\"article\" \/>\n<meta property=\"og:title\" content=\"White tailed deer - Small game - Woodcock- - Domaine Pine grove - Baskatong - Qu\u00e9bec - Canada\" \/>\n<meta property=\"og:url\" content=\"https:\/\/domainepinegrove.com\/en\/hunting-white-tailed-deer-small-game-woodcock-quebec-canada\/\" \/>\n<meta property=\"og:site_name\" content=\"Domaine Pine grove - Baskatong - Qu\u00e9bec - Canada\" \/>\n<meta property=\"article:modified_time\" content=\"2021-06-22T13:34:20+00:00\" \/>\n<meta property=\"og:image\" content=\"https:\/\/domainepinegrove.com\/wp-content\/uploads\/2016\/02\/chasse_becasse_baskatong_Quebec_Canada.jpg\" \/>\n<meta name=\"twitter:card\" content=\"summary_large_image\" \/>\n<meta name=\"twitter:label1\" content=\"Est. reading time\" \/>\n\t<meta name=\"twitter:data1\" content=\"2 minutes\" \/>\n<script type=\"application\/ld+json\" class=\"yoast-schema-graph\">{\"@context\":\"https:\/\/schema.org\",\"@graph\":[{\"@type\":\"WebPage\",\"@id\":\"https:\/\/domainepinegrove.com\/en\/hunting-white-tailed-deer-small-game-woodcock-quebec-canada\/\",\"url\":\"https:\/\/domainepinegrove.com\/en\/hunting-white-tailed-deer-small-game-woodcock-quebec-canada\/\",\"name\":\"White tailed deer - Small game - Woodcock- - Domaine Pine grove - Baskatong - Qu\u00e9bec - Canada\",\"isPartOf\":{\"@id\":\"https:\/\/domainepinegrove.com\/#website\"},\"primaryImageOfPage\":{\"@id\":\"https:\/\/domainepinegrove.com\/en\/hunting-white-tailed-deer-small-game-woodcock-quebec-canada\/#primaryimage\"},\"image\":{\"@id\":\"https:\/\/domainepinegrove.com\/en\/hunting-white-tailed-deer-small-game-woodcock-quebec-canada\/#primaryimage\"},\"thumbnailUrl\":\"https:\/\/domainepinegrove.com\/wp-content\/uploads\/2016\/02\/chasse_becasse_baskatong_Quebec_Canada.jpg\",\"datePublished\":\"2016-02-11T02:29:14+00:00\",\"dateModified\":\"2021-06-22T13:34:20+00:00\",\"breadcrumb\":{\"@id\":\"https:\/\/domainepinegrove.com\/en\/hunting-white-tailed-deer-small-game-woodcock-quebec-canada\/#breadcrumb\"},\"inLanguage\":\"en-US\",\"potentialAction\":[{\"@type\":\"ReadAction\",\"target\":[\"https:\/\/domainepinegrove.com\/en\/hunting-white-tailed-deer-small-game-woodcock-quebec-canada\/\"]}]},{\"@type\":\"ImageObject\",\"inLanguage\":\"en-US\",\"@id\":\"https:\/\/domainepinegrove.com\/en\/hunting-white-tailed-deer-small-game-woodcock-quebec-canada\/#primaryimage\",\"url\":\"https:\/\/domainepinegrove.com\/wp-content\/uploads\/2016\/02\/chasse_becasse_baskatong_Quebec_Canada.jpg\",\"contentUrl\":\"https:\/\/domainepinegrove.com\/wp-content\/uploads\/2016\/02\/chasse_becasse_baskatong_Quebec_Canada.jpg\"},{\"@type\":\"BreadcrumbList\",\"@id\":\"https:\/\/domainepinegrove.com\/en\/hunting-white-tailed-deer-small-game-woodcock-quebec-canada\/#breadcrumb\",\"itemListElement\":[{\"@type\":\"ListItem\",\"position\":1,\"name\":\"Accueil\",\"item\":\"https:\/\/domainepinegrove.com\/en\/\"},{\"@type\":\"ListItem\",\"position\":2,\"name\":\"Hunting\"}]},{\"@type\":\"WebSite\",\"@id\":\"https:\/\/domainepinegrove.com\/#website\",\"url\":\"https:\/\/domainepinegrove.com\/\",\"name\":\"Domaine Pine grove - Baskatong - Qu\u00e9bec - Canada\",\"description\":\"Site de vill\u00e9giature et d&#039;activit\u00e9s de plein air sur les rives du Baskatong\",\"potentialAction\":[{\"@type\":\"SearchAction\",\"target\":{\"@type\":\"EntryPoint\",\"urlTemplate\":\"https:\/\/domainepinegrove.com\/?s={search_term_string}\"},\"query-input\":{\"@type\":\"PropertyValueSpecification\",\"valueRequired\":true,\"valueName\":\"search_term_string\"}}],\"inLanguage\":\"en-US\"}]}<\/script>\n<!-- \/ Yoast SEO plugin. -->","yoast_head_json":{"title":"White tailed deer - Small game - Woodcock- - Domaine Pine grove - Baskatong - Qu\u00e9bec - Canada","robots":{"index":"index","follow":"follow","max-snippet":"max-snippet:-1","max-image-preview":"max-image-preview:large","max-video-preview":"max-video-preview:-1"},"canonical":"https:\/\/domainepinegrove.com\/en\/hunting-white-tailed-deer-small-game-woodcock-quebec-canada\/","og_locale":"en_US","og_type":"article","og_title":"White tailed deer - Small game - Woodcock- - Domaine Pine grove - Baskatong - Qu\u00e9bec - Canada","og_url":"https:\/\/domainepinegrove.com\/en\/hunting-white-tailed-deer-small-game-woodcock-quebec-canada\/","og_site_name":"Domaine Pine grove - Baskatong - Qu\u00e9bec - Canada","article_modified_time":"2021-06-22T13:34:20+00:00","og_image":[{"url":"https:\/\/domainepinegrove.com\/wp-content\/uploads\/2016\/02\/chasse_becasse_baskatong_Quebec_Canada.jpg","type":"","width":"","height":""}],"twitter_card":"summary_large_image","twitter_misc":{"Est. reading time":"2 minutes"},"schema":{"@context":"https:\/\/schema.org","@graph":[{"@type":"WebPage","@id":"https:\/\/domainepinegrove.com\/en\/hunting-white-tailed-deer-small-game-woodcock-quebec-canada\/","url":"https:\/\/domainepinegrove.com\/en\/hunting-white-tailed-deer-small-game-woodcock-quebec-canada\/","name":"White tailed deer - Small game - Woodcock- - Domaine Pine grove - Baskatong - Qu\u00e9bec - Canada","isPartOf":{"@id":"https:\/\/domainepinegrove.com\/#website"},"primaryImageOfPage":{"@id":"https:\/\/domainepinegrove.com\/en\/hunting-white-tailed-deer-small-game-woodcock-quebec-canada\/#primaryimage"},"image":{"@id":"https:\/\/domainepinegrove.com\/en\/hunting-white-tailed-deer-small-game-woodcock-quebec-canada\/#primaryimage"},"thumbnailUrl":"https:\/\/domainepinegrove.com\/wp-content\/uploads\/2016\/02\/chasse_becasse_baskatong_Quebec_Canada.jpg","datePublished":"2016-02-11T02:29:14+00:00","dateModified":"2021-06-22T13:34:20+00:00","breadcrumb":{"@id":"https:\/\/domainepinegrove.com\/en\/hunting-white-tailed-deer-small-game-woodcock-quebec-canada\/#breadcrumb"},"inLanguage":"en-US","potentialAction":[{"@type":"ReadAction","target":["https:\/\/domainepinegrove.com\/en\/hunting-white-tailed-deer-small-game-woodcock-quebec-canada\/"]}]},{"@type":"ImageObject","inLanguage":"en-US","@id":"https:\/\/domainepinegrove.com\/en\/hunting-white-tailed-deer-small-game-woodcock-quebec-canada\/#primaryimage","url":"https:\/\/domainepinegrove.com\/wp-content\/uploads\/2016\/02\/chasse_becasse_baskatong_Quebec_Canada.jpg","contentUrl":"https:\/\/domainepinegrove.com\/wp-content\/uploads\/2016\/02\/chasse_becasse_baskatong_Quebec_Canada.jpg"},{"@type":"BreadcrumbList","@id":"https:\/\/domainepinegrove.com\/en\/hunting-white-tailed-deer-small-game-woodcock-quebec-canada\/#breadcrumb","itemListElement":[{"@type":"ListItem","position":1,"name":"Accueil","item":"https:\/\/domainepinegrove.com\/en\/"},{"@type":"ListItem","position":2,"name":"Hunting"}]},{"@type":"WebSite","@id":"https:\/\/domainepinegrove.com\/#website","url":"https:\/\/domainepinegrove.com\/","name":"Domaine Pine grove - Baskatong - Qu\u00e9bec - Canada","description":"Site de vill\u00e9giature et d&#039;activit\u00e9s de plein air sur les rives du Baskatong","potentialAction":[{"@type":"SearchAction","target":{"@type":"EntryPoint","urlTemplate":"https:\/\/domainepinegrove.com\/?s={search_term_string}"},"query-input":{"@type":"PropertyValueSpecification","valueRequired":true,"valueName":"search_term_string"}}],"inLanguage":"en-US"}]}},"_links":{"self":[{"href":"https:\/\/domainepinegrove.com\/en\/wp-json\/wp\/v2\/pages\/12253","targetHints":{"allow":["GET"]}}],"collection":[{"href":"https:\/\/domainepinegrove.com\/en\/wp-json\/wp\/v2\/pages"}],"about":[{"href":"https:\/\/domainepinegrove.com\/en\/wp-json\/wp\/v2\/types\/page"}],"author":[{"embeddable":true,"href":"https:\/\/domainepinegrove.com\/en\/wp-json\/wp\/v2\/users\/1"}],"replies":[{"embeddable":true,"href":"https:\/\/domainepinegrove.com\/en\/wp-json\/wp\/v2\/comments?post=12253"}],"version-history":[{"count":12,"href":"https:\/\/domainepinegrove.com\/en\/wp-json\/wp\/v2\/pages\/12253\/revisions"}],"predecessor-version":[{"id":14168,"href":"https:\/\/domainepinegrove.com\/en\/wp-json\/wp\/v2\/pages\/12253\/revisions\/14168"}],"wp:attachment":[{"href":"https:\/\/domainepinegrove.com\/en\/wp-json\/wp\/v2\/media?parent=12253"}],"curies":[{"name":"wp","href":"https:\/\/api.w.org\/{rel}","templated":true}]}}