{"id":12256,"date":"2016-02-11T16:36:41","date_gmt":"2016-02-11T15:36:41","guid":{"rendered":"http:\/\/domainepinegrove.com\/peche_blanche_motoneige_quad_hiver_baskatong\/?lang=en"},"modified":"2023-12-19T15:33:18","modified_gmt":"2023-12-19T20:33:18","slug":"ice_fishing_snowmobiling_quad_winter-activity_baskatong","status":"publish","type":"page","link":"https:\/\/domainepinegrove.com\/en\/ice_fishing_snowmobiling_quad_winter-activity_baskatong\/","title":{"rendered":"Winter"},"content":{"rendered":"<div class=\"fusion-fullwidth fullwidth-box fusion-builder-row-1 hundred-percent-fullwidth non-hundred-percent-height-scrolling\" style=\"--awb-border-radius-top-left:0px;--awb-border-radius-top-right:0px;--awb-border-radius-bottom-right:0px;--awb-border-radius-bottom-left:0px;--awb-overflow:visible;--awb-flex-wrap:wrap;\" ><div class=\"fusion-builder-row fusion-row\"><div class=\"fusion-layout-column fusion_builder_column fusion-builder-column-0 fusion_builder_column_1_1 1_1 fusion-one-full fusion-column-first fusion-column-last fusion-column-no-min-height\" style=\"--awb-bg-size:cover;--awb-margin-bottom:0px;\"><div class=\"fusion-column-wrapper fusion-flex-column-wrapper-legacy\"><div class=\"fusion-text fusion-text-1\"><p>At the crossroads of Abitibi, the Laurentians and Outaouais many federated snowmobile trails but also a paradise for off-trail on the Baskatong. Four seasons trails for ATV riders. Ice fishing and marked trails for snowshoeing. Our comfortable waterfront cabins, heated by wood fire await you at the Domaine Pine Grove!<\/p>\n<p>Cabin accommodation \u2013 snowshoeing trails \u2013 Snowmobile and ATV packages<\/p>\n<div style=\"margin-top: 30px; display: inline-block;\">\n<p><a href=\"https:\/\/domainepinegrove.com\/wp-content\/uploads\/2017\/11\/peche_blanche_baskatong_2017.jpg\"  rel=\"lightbox[12256] attachment wp-att-11812\"><img decoding=\"async\" class=\"wp-image-12003 size-medium alignleft\" src=\"https:\/\/domainepinegrove.com\/wp-content\/uploads\/2017\/11\/peche_blanche_baskatong_2017-300x225.jpg\" alt=\"\" width=\"300\" height=\"225\" \/><\/a><\/p>\n<h2>Ice fishing<\/h2>\n<p>Discover or enjoy an activity for the whole family! A shelter with fireplace (about 200 meters from our cottages), fishing equipment and 5 holes are provided. Walleye, pike, whitefish and perch are waiting for you!<\/p>\n<\/div>\n<h2 style=\"clear: both; padding-top: 20px; margin-bottom: 0;\">Snowmobile \/ ATV<\/h2>\n<p><a href=\"https:\/\/domainepinegrove.com\/wp-content\/uploads\/2016\/02\/Franck_guide_motoneige_baskatong_Quebec_Canada.jpg\"  rel=\"lightbox[12256] attachment wp-att-11813\"><img decoding=\"async\" class=\"alignright wp-image-12004 size-medium\" src=\"https:\/\/domainepinegrove.com\/wp-content\/uploads\/2016\/02\/Franck_guide_motoneige_baskatong_Quebec_Canada-300x225.jpg\" alt=\"\" width=\"300\" height=\"225\" srcset=\"https:\/\/domainepinegrove.com\/wp-content\/uploads\/2016\/02\/Franck_guide_motoneige_baskatong_Quebec_Canada-300x225.jpg 300w, https:\/\/domainepinegrove.com\/wp-content\/uploads\/2016\/02\/Franck_guide_motoneige_baskatong_Quebec_Canada-768x576.jpg 768w, https:\/\/domainepinegrove.com\/wp-content\/uploads\/2016\/02\/Franck_guide_motoneige_baskatong_Quebec_Canada.jpg 800w\" sizes=\"(max-width: 300px) 100vw, 300px\" \/><\/a><br \/>\nThousands of kilometers to discover, many relays, nearby attractions such as Devil Mountain, Windigo waterfalls and covered bridges, at the crossroads of three beautiful regions, gives you the ability to customize your ride. We are waiting for you!<\/p>\n<h3>Snowmobiling:<\/h3>\n<p>Access by a regional trail # 322. Off-trail paradise on the shores of the Baskatong! You are permitted to park your snowmobile alongside your chalet. Site very safe. Club\u00a0: <a href=\"http:\/\/www.oursblanc.com\" target=\"_blank\" rel=\"noopener\">www.oursblanc.com<\/a><\/p>\n<h3>Quad\u00a0:<\/h3>\n<p>Access by a regional trail from the # 20 (four seasons). You are permitted to park your ATV alongside your chalet. The riding is prohibited on site. Site very safe. Club\u00a0: <a href=\"http:\/\/www.clubquadvg.com\" target=\"_blank\" rel=\"noopener\">www.clubquadvg.com<\/a><\/p>\n<hr \/>\n<h3>Snowmobile Package (non-resident)<\/h3>\n<p>To guarantee the best service we welcome one group per week. Many different day trips are available, we are able to make you live an unusual experience in a safe and friendly environment. Find the authenticity and charm of Quebec!<\/p>\n<h3>Package Free Ride! (non-resident))<\/h3>\n<p>The free ride is a different approach to the snowmobile. A mix of off-road and trail, interspersed with vast powder fields on the Baskatong Reservoir. An unforgettable adventure guaranteed. For someone new to snowmobiling or the experienced rider, we offer a customized and personalized product.<\/p>\n<h3>All inclusive package Free Ride (PA)<\/h3>\n<ul>\n<li>including transportation to and from airport<\/li>\n<li>7 Nights (5 nights + 1 night in circuit + last night in Montreal)<\/li>\n<li>Accommodation in comfortable waterfront cottage (1 person \/ room)<\/li>\n<li>5 Days snowmobiling (gas and oil incl)<\/li>\n<li>Snowmobile and cold weather gear (1 pers \/ machine)<\/li>\n<li>All meals<\/li>\n<li>Ice fishing by night<\/li>\n<li>day in Montreal<\/li>\n<li>Return to airport<\/li>\n<\/ul>\n<p>(Not included airfare, lunch of the last day)<\/p>\n<p>For a custom quote <a href=\"https:\/\/domainepinegrove.com\/nous-joindre\/\">CONTACT US<\/a> !!\u00a0\u00a0 \/\/\u00a0\u00a0 Representative for Europe Yann Leitner<\/p>\n<hr \/>\n<h3>Raid Discovery (non-resident)<\/h3>\n<p>Ideal for a first experience and for nature lovers. We adapt every day to the conditions and your skill level. Snowmobiling, wildlife observation, ice fishing and snowshoeing and many other surprises.<\/p>\n<h3>All inclusive package Raid discovery (PA)<\/h3>\n<ul>\n<li>including transportation to and from airport<\/li>\n<li>7 Nights (last night in Montreal)<\/li>\n<li>Accommodation in comfortable waterfront cottage<\/li>\n<li>3 Days snowmobiling (gas and oil incl)<\/li>\n<li>Snowmobile and cold weather gear (2 people \/ machine)<\/li>\n<li>Ice fishing, snowshoeing, trapper day<\/li>\n<li>All meals<\/li>\n<li>Day in Montreal<\/li>\n<li>Return to airport<\/li>\n<\/ul>\n<p>(Not included airfare, drinks and lunch on last day)<\/p>\n<p>For a custom quote <a href=\"https:\/\/domainepinegrove.com\/nous-joindre\/\">CONTACT US<\/a> !!\u00a0\u00a0 \/\/\u00a0\u00a0 Representative for Europe Yann Leitner<\/p>\n<\/div><div class=\"fusion-clearfix\"><\/div><\/div><\/div><div class=\"fusion-layout-column fusion_builder_column fusion-builder-column-1 fusion_builder_column_1_1 1_1 fusion-one-full fusion-column-first fusion-column-last fusion-column-no-min-height\" style=\"--awb-bg-size:cover;--awb-margin-bottom:0px;\"><div class=\"fusion-column-wrapper fusion-flex-column-wrapper-legacy\"><div class=\"fusion-image-carousel fusion-image-carousel-auto fusion-image-carousel-1 lightbox-enabled fusion-carousel-border\"><div class=\"awb-carousel awb-swiper awb-swiper-carousel awb-swiper-dots-position-bottom awb-carousel--carousel\" data-layout=\"carousel\" data-autoplay=\"no\" data-autoplayspeed=\"2500\" data-autoplaypause=\"no\" data-columns=\"5\" data-columnsmedium=\"0\" data-columnssmall=\"0\" data-itemmargin=\"13\" data-itemwidth=\"180\" data-touchscroll=\"no\" data-freemode=\"no\" data-imagesize=\"auto\" data-scrollitems=\"0\" data-centeredslides=\"no\" data-rotationangle=\"50\" data-depth=\"100\" data-speed=\"500\" data-shadow=\"no\" style=\"--awb-border-width:1px;--awb-border-color:#e9eaee;\"><div class=\"swiper-wrapper awb-image-carousel-wrapper fusion-flex-align-items-center\"><div class=\"swiper-slide\"><div class=\"fusion-carousel-item-wrapper\"><div class=\"fusion-image-wrapper hover-type-none\"><a data-rel=\"iLightbox[image_carousel_1]\" data-title=\"cabane_de_peche_interieur\" aria-label=\"cabane_de_peche_interieur\" href=\"https:\/\/domainepinegrove.com\/wp-content\/uploads\/2017\/11\/cabane_de_peche_interieur.jpg\" target=\"_self\"><img decoding=\"async\" width=\"800\" height=\"600\" src=\"https:\/\/domainepinegrove.com\/wp-content\/uploads\/2017\/11\/cabane_de_peche_interieur.jpg\" class=\"attachment-full size-full\" alt=\"\" srcset=\"https:\/\/domainepinegrove.com\/wp-content\/uploads\/2017\/11\/cabane_de_peche_interieur-200x150.jpg 200w, https:\/\/domainepinegrove.com\/wp-content\/uploads\/2017\/11\/cabane_de_peche_interieur-400x300.jpg 400w, https:\/\/domainepinegrove.com\/wp-content\/uploads\/2017\/11\/cabane_de_peche_interieur-600x450.jpg 600w, https:\/\/domainepinegrove.com\/wp-content\/uploads\/2017\/11\/cabane_de_peche_interieur.jpg 800w\" sizes=\"(min-width: 2200px) 100vw, (min-width: 1007px) 210px, (min-width: 915px) 262px, (min-width: 824px) 349px, (min-width: 732px) 524px, (min-width: 640px) 732px, \" \/><\/a><\/div><\/div><\/div><div class=\"swiper-slide\"><div class=\"fusion-carousel-item-wrapper\"><div class=\"fusion-image-wrapper hover-type-none\"><a data-rel=\"iLightbox[image_carousel_1]\" data-title=\"Domaine Pine Grove &#8211; Motoneige Baskatong\" aria-label=\"Domaine Pine Grove &#8211; Motoneige Baskatong\" href=\"https:\/\/domainepinegrove.com\/wp-content\/uploads\/2016\/02\/domaine_pine_grove_motoneige_baskatong_2.jpg\" target=\"_self\"><img decoding=\"async\" width=\"3648\" height=\"2736\" src=\"https:\/\/domainepinegrove.com\/wp-content\/uploads\/2016\/02\/domaine_pine_grove_motoneige_baskatong_2.jpg\" class=\"attachment-full size-full\" alt=\"\" \/><\/a><\/div><\/div><\/div><div class=\"swiper-slide\"><div class=\"fusion-carousel-item-wrapper\"><div class=\"fusion-image-wrapper hover-type-none\"><a data-rel=\"iLightbox[image_carousel_1]\" data-title=\"Domaine Pine Grove &#8211; Motoneige Baskatong\" aria-label=\"Domaine Pine Grove &#8211; Motoneige Baskatong\" href=\"https:\/\/domainepinegrove.com\/wp-content\/uploads\/2016\/02\/domaine_pine_grove_motoneige_baskatong_3.jpg\" target=\"_self\"><img decoding=\"async\" width=\"1632\" height=\"1224\" src=\"https:\/\/domainepinegrove.com\/wp-content\/uploads\/2016\/02\/domaine_pine_grove_motoneige_baskatong_3.jpg\" class=\"attachment-full size-full\" alt=\"\" \/><\/a><\/div><\/div><\/div><div class=\"swiper-slide\"><div class=\"fusion-carousel-item-wrapper\"><div class=\"fusion-image-wrapper hover-type-none\"><a data-rel=\"iLightbox[image_carousel_1]\" data-title=\"Domaine Pine Grove &#8211; Hiver\" aria-label=\"Domaine Pine Grove &#8211; Hiver\" href=\"https:\/\/domainepinegrove.com\/wp-content\/uploads\/2016\/02\/vacances_famille_baskatong_hiver_1.jpg\" target=\"_self\"><img decoding=\"async\" width=\"960\" height=\"1280\" src=\"https:\/\/domainepinegrove.com\/wp-content\/uploads\/2016\/02\/vacances_famille_baskatong_hiver_1.jpg\" class=\"attachment-full size-full\" alt=\"\" \/><\/a><\/div><\/div><\/div><div class=\"swiper-slide\"><div class=\"fusion-carousel-item-wrapper\"><div class=\"fusion-image-wrapper hover-type-none\"><a data-rel=\"iLightbox[image_carousel_1]\" data-title=\"Domaine Pine Grove &#8211; Hiver\" aria-label=\"Domaine Pine Grove &#8211; Hiver\" href=\"https:\/\/domainepinegrove.com\/wp-content\/uploads\/2016\/02\/vacances_famille_baskatong_hiver_2.jpg\" target=\"_self\"><img decoding=\"async\" width=\"960\" height=\"1280\" src=\"https:\/\/domainepinegrove.com\/wp-content\/uploads\/2016\/02\/vacances_famille_baskatong_hiver_2.jpg\" class=\"attachment-full size-full\" alt=\"\" \/><\/a><\/div><\/div><\/div><div class=\"swiper-slide\"><div class=\"fusion-carousel-item-wrapper\"><div class=\"fusion-image-wrapper hover-type-none\"><a data-rel=\"iLightbox[image_carousel_1]\" data-title=\"Domaine Pine Grove &#8211; Hiver\" aria-label=\"Domaine Pine Grove &#8211; Hiver\" href=\"https:\/\/domainepinegrove.com\/wp-content\/uploads\/2016\/02\/domaine_pine_grove_hiver.jpg\" target=\"_self\"><img decoding=\"async\" width=\"1536\" height=\"2048\" src=\"https:\/\/domainepinegrove.com\/wp-content\/uploads\/2016\/02\/domaine_pine_grove_hiver.jpg\" class=\"attachment-full size-full\" alt=\"\" \/><\/a><\/div><\/div><\/div><div class=\"swiper-slide\"><div class=\"fusion-carousel-item-wrapper\"><div class=\"fusion-image-wrapper hover-type-none\"><a data-rel=\"iLightbox[image_carousel_1]\" data-caption=\"gr\" data-title=\"Domaine Pine Grove &#8211; Raquette\" aria-label=\"Domaine Pine Grove &#8211; Raquette\" href=\"https:\/\/domainepinegrove.com\/wp-content\/uploads\/2016\/02\/hiver_raquette_baskatong.jpg\" target=\"_self\"><img decoding=\"async\" width=\"800\" height=\"600\" src=\"https:\/\/domainepinegrove.com\/wp-content\/uploads\/2016\/02\/hiver_raquette_baskatong.jpg\" class=\"attachment-full size-full\" alt=\"r\" \/><\/a><\/div><\/div><\/div><div class=\"swiper-slide\"><div class=\"fusion-carousel-item-wrapper\"><div class=\"fusion-image-wrapper hover-type-none\"><a data-rel=\"iLightbox[image_carousel_1]\" data-title=\"peche_sur_glace\" aria-label=\"peche_sur_glace\" href=\"https:\/\/domainepinegrove.com\/wp-content\/uploads\/2016\/02\/peche_sur_glace.jpg\" target=\"_self\"><img decoding=\"async\" width=\"800\" height=\"746\" src=\"https:\/\/domainepinegrove.com\/wp-content\/uploads\/2016\/02\/peche_sur_glace.jpg\" class=\"attachment-full size-full\" alt=\"\" \/><\/a><\/div><\/div><\/div><div class=\"swiper-slide\"><div class=\"fusion-carousel-item-wrapper\"><div class=\"fusion-image-wrapper hover-type-none\"><a data-rel=\"iLightbox[image_carousel_1]\" data-title=\"hiver-chien-traineau\" aria-label=\"hiver-chien-traineau\" href=\"https:\/\/domainepinegrove.com\/wp-content\/uploads\/2016\/02\/hiver-chien-traineau.jpg\" target=\"_self\"><img decoding=\"async\" width=\"800\" height=\"533\" src=\"https:\/\/domainepinegrove.com\/wp-content\/uploads\/2016\/02\/hiver-chien-traineau.jpg\" class=\"attachment-full size-full\" alt=\"\" \/><\/a><\/div><\/div><\/div><div class=\"swiper-slide\"><div class=\"fusion-carousel-item-wrapper\"><div class=\"fusion-image-wrapper hover-type-none\"><a data-rel=\"iLightbox[image_carousel_1]\" data-title=\"hiver-peche-blan\" aria-label=\"hiver-peche-blan\" href=\"https:\/\/domainepinegrove.com\/wp-content\/uploads\/2016\/02\/hiver-peche-blan.jpg\" target=\"_self\"><img decoding=\"async\" width=\"720\" height=\"540\" src=\"https:\/\/domainepinegrove.com\/wp-content\/uploads\/2016\/02\/hiver-peche-blan.jpg\" class=\"attachment-full size-full\" alt=\"\" \/><\/a><\/div><\/div><\/div><\/div><div class=\"awb-swiper-button awb-swiper-button-prev\"><i class=\"awb-icon-angle-left\" aria-hidden=\"true\"><\/i><\/div><div class=\"awb-swiper-button awb-swiper-button-next\"><i class=\"awb-icon-angle-right\" aria-hidden=\"true\"><\/i><\/div><\/div><\/div><div class=\"fusion-clearfix\"><\/div><\/div><\/div><\/div><\/div>\n","protected":false},"excerpt":{"rendered":"","protected":false},"author":1,"featured_media":0,"parent":0,"menu_order":0,"comment_status":"open","ping_status":"open","template":"","meta":{"footnotes":""},"class_list":["post-12256","page","type-page","status-publish","hentry"],"yoast_head":"<!-- This site is optimized with the Yoast SEO plugin v25.8 - https:\/\/yoast.com\/wordpress\/plugins\/seo\/ -->\n<title>Ice fishing - Snowmobiling - quad - winter activity - Domaine Pine grove - Baskatong - Qu\u00e9bec - Canada<\/title>\n<meta name=\"robots\" content=\"index, follow, max-snippet:-1, max-image-preview:large, max-video-preview:-1\" \/>\n<link rel=\"canonical\" href=\"https:\/\/domainepinegrove.com\/en\/ice_fishing_snowmobiling_quad_winter-activity_baskatong\/\" \/>\n<meta property=\"og:locale\" content=\"en_US\" \/>\n<meta property=\"og:type\" content=\"article\" \/>\n<meta property=\"og:title\" content=\"Ice fishing - Snowmobiling - quad - winter activity - Domaine Pine grove - Baskatong - Qu\u00e9bec - Canada\" \/>\n<meta property=\"og:url\" content=\"https:\/\/domainepinegrove.com\/en\/ice_fishing_snowmobiling_quad_winter-activity_baskatong\/\" \/>\n<meta property=\"og:site_name\" content=\"Domaine Pine grove - Baskatong - Qu\u00e9bec - Canada\" \/>\n<meta property=\"article:modified_time\" content=\"2023-12-19T20:33:18+00:00\" \/>\n<meta property=\"og:image\" content=\"https:\/\/domainepinegrove.com\/wp-content\/uploads\/2017\/11\/peche_blanche_baskatong_2017-300x225.jpg\" \/>\n<meta name=\"twitter:card\" content=\"summary_large_image\" \/>\n<meta name=\"twitter:label1\" content=\"Est. reading time\" \/>\n\t<meta name=\"twitter:data1\" content=\"4 minutes\" \/>\n<script type=\"application\/ld+json\" class=\"yoast-schema-graph\">{\"@context\":\"https:\/\/schema.org\",\"@graph\":[{\"@type\":\"WebPage\",\"@id\":\"https:\/\/domainepinegrove.com\/en\/ice_fishing_snowmobiling_quad_winter-activity_baskatong\/\",\"url\":\"https:\/\/domainepinegrove.com\/en\/ice_fishing_snowmobiling_quad_winter-activity_baskatong\/\",\"name\":\"Ice fishing - Snowmobiling - quad - winter activity - Domaine Pine grove - Baskatong - Qu\u00e9bec - Canada\",\"isPartOf\":{\"@id\":\"https:\/\/domainepinegrove.com\/#website\"},\"primaryImageOfPage\":{\"@id\":\"https:\/\/domainepinegrove.com\/en\/ice_fishing_snowmobiling_quad_winter-activity_baskatong\/#primaryimage\"},\"image\":{\"@id\":\"https:\/\/domainepinegrove.com\/en\/ice_fishing_snowmobiling_quad_winter-activity_baskatong\/#primaryimage\"},\"thumbnailUrl\":\"https:\/\/domainepinegrove.com\/wp-content\/uploads\/2017\/11\/peche_blanche_baskatong_2017-300x225.jpg\",\"datePublished\":\"2016-02-11T15:36:41+00:00\",\"dateModified\":\"2023-12-19T20:33:18+00:00\",\"breadcrumb\":{\"@id\":\"https:\/\/domainepinegrove.com\/en\/ice_fishing_snowmobiling_quad_winter-activity_baskatong\/#breadcrumb\"},\"inLanguage\":\"en-US\",\"potentialAction\":[{\"@type\":\"ReadAction\",\"target\":[\"https:\/\/domainepinegrove.com\/en\/ice_fishing_snowmobiling_quad_winter-activity_baskatong\/\"]}]},{\"@type\":\"ImageObject\",\"inLanguage\":\"en-US\",\"@id\":\"https:\/\/domainepinegrove.com\/en\/ice_fishing_snowmobiling_quad_winter-activity_baskatong\/#primaryimage\",\"url\":\"https:\/\/domainepinegrove.com\/wp-content\/uploads\/2017\/11\/peche_blanche_baskatong_2017-300x225.jpg\",\"contentUrl\":\"https:\/\/domainepinegrove.com\/wp-content\/uploads\/2017\/11\/peche_blanche_baskatong_2017-300x225.jpg\"},{\"@type\":\"BreadcrumbList\",\"@id\":\"https:\/\/domainepinegrove.com\/en\/ice_fishing_snowmobiling_quad_winter-activity_baskatong\/#breadcrumb\",\"itemListElement\":[{\"@type\":\"ListItem\",\"position\":1,\"name\":\"Accueil\",\"item\":\"https:\/\/domainepinegrove.com\/en\/\"},{\"@type\":\"ListItem\",\"position\":2,\"name\":\"Winter\"}]},{\"@type\":\"WebSite\",\"@id\":\"https:\/\/domainepinegrove.com\/#website\",\"url\":\"https:\/\/domainepinegrove.com\/\",\"name\":\"Domaine Pine grove - Baskatong - Qu\u00e9bec - Canada\",\"description\":\"Site de vill\u00e9giature et d&#039;activit\u00e9s de plein air sur les rives du Baskatong\",\"potentialAction\":[{\"@type\":\"SearchAction\",\"target\":{\"@type\":\"EntryPoint\",\"urlTemplate\":\"https:\/\/domainepinegrove.com\/?s={search_term_string}\"},\"query-input\":{\"@type\":\"PropertyValueSpecification\",\"valueRequired\":true,\"valueName\":\"search_term_string\"}}],\"inLanguage\":\"en-US\"}]}<\/script>\n<!-- \/ Yoast SEO plugin. -->","yoast_head_json":{"title":"Ice fishing - Snowmobiling - quad - winter activity - Domaine Pine grove - Baskatong - Qu\u00e9bec - Canada","robots":{"index":"index","follow":"follow","max-snippet":"max-snippet:-1","max-image-preview":"max-image-preview:large","max-video-preview":"max-video-preview:-1"},"canonical":"https:\/\/domainepinegrove.com\/en\/ice_fishing_snowmobiling_quad_winter-activity_baskatong\/","og_locale":"en_US","og_type":"article","og_title":"Ice fishing - Snowmobiling - quad - winter activity - Domaine Pine grove - Baskatong - Qu\u00e9bec - Canada","og_url":"https:\/\/domainepinegrove.com\/en\/ice_fishing_snowmobiling_quad_winter-activity_baskatong\/","og_site_name":"Domaine Pine grove - Baskatong - Qu\u00e9bec - Canada","article_modified_time":"2023-12-19T20:33:18+00:00","og_image":[{"url":"https:\/\/domainepinegrove.com\/wp-content\/uploads\/2017\/11\/peche_blanche_baskatong_2017-300x225.jpg","type":"","width":"","height":""}],"twitter_card":"summary_large_image","twitter_misc":{"Est. reading time":"4 minutes"},"schema":{"@context":"https:\/\/schema.org","@graph":[{"@type":"WebPage","@id":"https:\/\/domainepinegrove.com\/en\/ice_fishing_snowmobiling_quad_winter-activity_baskatong\/","url":"https:\/\/domainepinegrove.com\/en\/ice_fishing_snowmobiling_quad_winter-activity_baskatong\/","name":"Ice fishing - Snowmobiling - quad - winter activity - Domaine Pine grove - Baskatong - Qu\u00e9bec - Canada","isPartOf":{"@id":"https:\/\/domainepinegrove.com\/#website"},"primaryImageOfPage":{"@id":"https:\/\/domainepinegrove.com\/en\/ice_fishing_snowmobiling_quad_winter-activity_baskatong\/#primaryimage"},"image":{"@id":"https:\/\/domainepinegrove.com\/en\/ice_fishing_snowmobiling_quad_winter-activity_baskatong\/#primaryimage"},"thumbnailUrl":"https:\/\/domainepinegrove.com\/wp-content\/uploads\/2017\/11\/peche_blanche_baskatong_2017-300x225.jpg","datePublished":"2016-02-11T15:36:41+00:00","dateModified":"2023-12-19T20:33:18+00:00","breadcrumb":{"@id":"https:\/\/domainepinegrove.com\/en\/ice_fishing_snowmobiling_quad_winter-activity_baskatong\/#breadcrumb"},"inLanguage":"en-US","potentialAction":[{"@type":"ReadAction","target":["https:\/\/domainepinegrove.com\/en\/ice_fishing_snowmobiling_quad_winter-activity_baskatong\/"]}]},{"@type":"ImageObject","inLanguage":"en-US","@id":"https:\/\/domainepinegrove.com\/en\/ice_fishing_snowmobiling_quad_winter-activity_baskatong\/#primaryimage","url":"https:\/\/domainepinegrove.com\/wp-content\/uploads\/2017\/11\/peche_blanche_baskatong_2017-300x225.jpg","contentUrl":"https:\/\/domainepinegrove.com\/wp-content\/uploads\/2017\/11\/peche_blanche_baskatong_2017-300x225.jpg"},{"@type":"BreadcrumbList","@id":"https:\/\/domainepinegrove.com\/en\/ice_fishing_snowmobiling_quad_winter-activity_baskatong\/#breadcrumb","itemListElement":[{"@type":"ListItem","position":1,"name":"Accueil","item":"https:\/\/domainepinegrove.com\/en\/"},{"@type":"ListItem","position":2,"name":"Winter"}]},{"@type":"WebSite","@id":"https:\/\/domainepinegrove.com\/#website","url":"https:\/\/domainepinegrove.com\/","name":"Domaine Pine grove - Baskatong - Qu\u00e9bec - Canada","description":"Site de vill\u00e9giature et d&#039;activit\u00e9s de plein air sur les rives du Baskatong","potentialAction":[{"@type":"SearchAction","target":{"@type":"EntryPoint","urlTemplate":"https:\/\/domainepinegrove.com\/?s={search_term_string}"},"query-input":{"@type":"PropertyValueSpecification","valueRequired":true,"valueName":"search_term_string"}}],"inLanguage":"en-US"}]}},"_links":{"self":[{"href":"https:\/\/domainepinegrove.com\/en\/wp-json\/wp\/v2\/pages\/12256","targetHints":{"allow":["GET"]}}],"collection":[{"href":"https:\/\/domainepinegrove.com\/en\/wp-json\/wp\/v2\/pages"}],"about":[{"href":"https:\/\/domainepinegrove.com\/en\/wp-json\/wp\/v2\/types\/page"}],"author":[{"embeddable":true,"href":"https:\/\/domainepinegrove.com\/en\/wp-json\/wp\/v2\/users\/1"}],"replies":[{"embeddable":true,"href":"https:\/\/domainepinegrove.com\/en\/wp-json\/wp\/v2\/comments?post=12256"}],"version-history":[{"count":17,"href":"https:\/\/domainepinegrove.com\/en\/wp-json\/wp\/v2\/pages\/12256\/revisions"}],"predecessor-version":[{"id":16327,"href":"https:\/\/domainepinegrove.com\/en\/wp-json\/wp\/v2\/pages\/12256\/revisions\/16327"}],"wp:attachment":[{"href":"https:\/\/domainepinegrove.com\/en\/wp-json\/wp\/v2\/media?parent=12256"}],"curies":[{"name":"wp","href":"https:\/\/api.w.org\/{rel}","templated":true}]}}