{"id":12266,"date":"2016-02-11T17:04:39","date_gmt":"2016-02-11T16:04:39","guid":{"rendered":"http:\/\/domainepinegrove.com\/tarifs-location-de-chalets-camping-location-dequipement-chasse-et-peche-hiver-pourvoirie-baskatong\/?lang=en"},"modified":"2025-12-19T16:55:49","modified_gmt":"2025-12-19T21:55:49","slug":"rates-cottages-rentals-camping-equipment-rental-hunting-and-fishing-winter-outfitters-baskatong","status":"publish","type":"page","link":"https:\/\/domainepinegrove.com\/en\/rates-cottages-rentals-camping-equipment-rental-hunting-and-fishing-winter-outfitters-baskatong\/","title":{"rendered":"Rates"},"content":{"rendered":"<div class=\"fusion-fullwidth fullwidth-box fusion-builder-row-1 hundred-percent-fullwidth non-hundred-percent-height-scrolling\" style=\"--awb-border-radius-top-left:0px;--awb-border-radius-top-right:0px;--awb-border-radius-bottom-right:0px;--awb-border-radius-bottom-left:0px;--awb-overflow:visible;--awb-flex-wrap:wrap;\" ><div class=\"fusion-builder-row fusion-row\"><div class=\"fusion-layout-column fusion_builder_column fusion-builder-column-0 fusion_builder_column_1_1 1_1 fusion-one-full fusion-column-first fusion-column-last fusion-column-no-min-height\" style=\"--awb-bg-size:cover;--awb-margin-bottom:0px;\"><div class=\"fusion-column-wrapper fusion-flex-column-wrapper-legacy\"><div class=\"fusion-text fusion-text-1\" style=\"--awb-text-transform:none;\"><h1>Cottage rental rates<\/h1>\n<h2>Arrival 3 pm \/ Departure 10 am<\/h2>\n<p>(If we can, we will be happy to accommodate you with different hours)<br \/>\n<img decoding=\"async\" class=\"alignright wp-image-12046 size-full\" src=\"https:\/\/domainepinegrove.com\/wp-content\/uploads\/2016\/02\/domaine_pine_grove_logo.png\" alt=\"domaine_pine_grove_logo\" \/><\/p>\n<table border=\"0\" width=\"70%\" cellspacing=\"0\" cellpadding=\"0\">\n<tbody>\n<tr>\n<th style=\"text-align: left;\" align=\"left\">Cottage # 2-3-5-8<\/th>\n<th align=\"center\">2 nights<\/th>\n<th align=\"center\">Additional night<\/th>\n<\/tr>\n<tr>\n<td>2 guests<\/td>\n<td align=\"center\">310$<\/td>\n<td align=\"center\">140$<\/td>\n<\/tr>\n<tr>\n<td>3 guests<\/td>\n<td align=\"center\">390$<\/td>\n<td align=\"center\">170$<\/td>\n<\/tr>\n<tr>\n<td>4 guests<\/td>\n<td align=\"center\">435$<\/td>\n<td align=\"center\">200$<\/td>\n<\/tr>\n<tr>\n<td>Cottage 1 week 5 nts 725$<br \/>\n2 adults + 2 children incl<br \/>\nAdditional adult \/ 100$ week<\/td>\n<td colspan=\"2\">10$ \/ day \/ children 14 years old and under<\/td>\n<\/tr>\n<tr>\n<td><\/td>\n<td><\/td>\n<td><\/td>\n<\/tr>\n<tr>\n<th style=\"text-align: left;\" align=\"left\">Cottage #1-4-6-7<\/th>\n<th>2 nights<\/th>\n<th>Additional night<\/th>\n<\/tr>\n<tr>\n<td>4 guests<\/td>\n<td align=\"center\">475$<\/td>\n<td align=\"center\">215$<\/td>\n<\/tr>\n<tr>\n<td>5 guests (min for chalet #1 and #4)<\/td>\n<td align=\"center\">540$<\/td>\n<td align=\"center\">245$<\/td>\n<\/tr>\n<tr>\n<td>6 guests<\/td>\n<td align=\"center\">590$<\/td>\n<td align=\"center\">275$<\/td>\n<\/tr>\n<tr>\n<td>7 guests<\/td>\n<td align=\"center\">640$<\/td>\n<td align=\"center\">300$<\/td>\n<\/tr>\n<tr>\n<td>8 guests<\/td>\n<td align=\"center\">690$<\/td>\n<td align=\"center\">325$<\/td>\n<\/tr>\n<tr>\n<td>Cottage 1 week 5 nts 920$<br \/>\n4 adults + 2 children incl<br \/>\nAdditional adult \/ 100$ week<br \/>\nExtra 100$ for cottage with 4 bedrooms \/ week (#1 and #4)<\/td>\n<td colspan=\"2\">Dog: 15$ min. stay \u2013 25$ \/ week<\/td>\n<\/tr>\n<\/tbody>\n<\/table>\n<p class=\"btn_contactez\"><a class=\"fusion-button button-flat fusion-button-round button-large button-default button-2\" href=\"https:\/\/domainepinegrove.com\/en\/contact-us\/\" target=\"_self\" rel=\"noopener noreferrer\"><span class=\"fusion-button-text\">Contact us<\/span><\/a><\/p>\n<hr \/>\n<h1>Camping<\/h1>\n<h2>Arrival 3 pm \/ Departure noon<\/h2>\n<table border=\"0\" width=\"70%\" cellspacing=\"0\" cellpadding=\"0\">\n<tbody>\n<tr>\n<th><\/th>\n<th>1 night<\/th>\n<th>1 week<\/th>\n<th>Season<\/th>\n<\/tr>\n<tr>\n<td>Wilderness Camping<\/td>\n<td align=\"center\">45$<\/td>\n<td align=\"center\">205$<\/td>\n<td align=\"center\"><\/td>\n<\/tr>\n<tr>\n<td>Daily camping with services<\/td>\n<td align=\"center\">55$<\/td>\n<td align=\"center\">245$<\/td>\n<td align=\"center\"><\/td>\n<\/tr>\n<tr>\n<td>Seasonal Camping (15 amps)<\/td>\n<td align=\"center\"><\/td>\n<td align=\"center\"><\/td>\n<td align=\"center\">1585$ \/ 2095$<\/td>\n<\/tr>\n<\/tbody>\n<\/table>\n<hr \/>\n<h1>Equipment rental<\/h1>\n<table border=\"0\" width=\"70%\" cellspacing=\"0\" cellpadding=\"0\">\n<tbody>\n<tr>\n<th><\/th>\n<th>Day<\/th>\n<th>Week<\/th>\n<\/tr>\n<tr>\n<td>Boat and motor (9.9F)<\/td>\n<td align=\"center\">75$<\/td>\n<td align=\"center\">300$<\/td>\n<\/tr>\n<tr>\n<td>Boat and motor (15F\/20F)<\/td>\n<td align=\"center\">85$<\/td>\n<td align=\"center\">350$<\/td>\n<\/tr>\n<tr>\n<td>Boat and motor(20F), Bimini sonar<\/td>\n<td align=\"center\">105$<\/td>\n<td align=\"center\">450$<\/td>\n<\/tr>\n<tr>\n<td>Pontoon (99hp, 4-person)<\/td>\n<td align=\"center\">160$<\/td>\n<td align=\"center\"><\/td>\n<\/tr>\n<tr>\n<td>Kayak, canoe, paddleboard SUP<\/td>\n<td align=\"center\">35$<\/td>\n<td align=\"center\">10$ \/ hour<\/td>\n<\/tr>\n<tr>\n<td>Boat fee<\/td>\n<td align=\"center\">7$<\/td>\n<td align=\"center\">30$<\/td>\n<\/tr>\n<tr>\n<td>Fishing rod<\/td>\n<td align=\"center\">Free<\/td>\n<td align=\"center\">Free<\/td>\n<\/tr>\n<tr>\n<td>Flotation vest, Paddle boat<\/td>\n<td align=\"center\">Free<\/td>\n<td align=\"center\">Free<\/td>\n<\/tr>\n<tr>\n<td>Badminton, volley-ball, zip-line<\/td>\n<td align=\"center\">Free<\/td>\n<td align=\"center\">Free<\/td>\n<\/tr>\n<\/tbody>\n<\/table>\n<hr \/>\n<h1>Hunting and fishing<\/h1>\n<table border=\"0\" width=\"70%\" cellspacing=\"0\" cellpadding=\"0\">\n<tbody>\n<tr>\n<th><\/th>\n<th>Day<\/th>\n<th>Week<\/th>\n<\/tr>\n<tr>\n<td>Small game<\/td>\n<td align=\"center\">95$ \/ day \/ pers<\/td>\n<td align=\"center\">Min 2 pers \/ 2 days<\/td>\n<\/tr>\n<p><!--\n\n\n\n\n<tr>\n\n\n\n\n<td>White tailed deer<\/td>\n\n\n\n\n\n\n\n\n<td align=\"center\">75$ \/ day \/ pers<\/td>\n\n\n\n\n\n\n\n\n<td align=\"center\">Min 3 pers \/ 3 days<\/td>\n\n\n\n\n<\/tr>\n\n\n\n\n--><\/p>\n<tr>\n<td>3 days fishing<\/td>\n<td align=\"center\">599$ \/ 2pers \/ 3nts<\/td>\n<td align=\"center\">Boat and motor incl<\/td>\n<\/tr>\n<p><!--\n\n\n\n\n<tr>\n\n\n\n\n<td>Fishing guide<\/td>\n\n\n\n\n\n\n\n\n<td align=\"center\"><\/td>\n\n\n\n\n\n\n\n\n<td align=\"center\">Max 3 pers \u00bd day (4 hours)<\/td>\n\n\n\n\n<\/tr>\n\n\n\n\n--><\/p>\n<tr>\n<td><strong>Non-resident package <\/strong><\/td>\n<td align=\"center\"><\/td>\n<td align=\"center\"><\/td>\n<\/tr>\n<tr>\n<td>All inclusive\u00a0 woodcock- small game<\/td>\n<td align=\"center\">Price on request<\/td>\n<td align=\"center\">Price on request<\/td>\n<\/tr>\n<\/tbody>\n<\/table>\n<hr \/>\n<h1>Winter<\/h1>\n<table border=\"0\" width=\"60%\" cellspacing=\"0\" cellpadding=\"0\">\n<tbody>\n<tr>\n<td>Ice fishing cabin<\/td>\n<td align=\"center\">65$<\/td>\n<td align=\"center\">5 holes + equipment<\/td>\n<\/tr>\n<p><!--\n\n\n\n\n<tr>\n\n\n\n\n<td>Free ride Package<\/td>\n\n\n\n\n\n\n\n\n<td align=\"center\">3395$<\/td>\n\n\n\n\n\n\n\n\n<td align=\"center\">Price \/ pers \/\u00a0 group of 4<\/td>\n\n\n\n\n<\/tr>\n\n\n\n\n--><!--\n\n\n\n\n<tr>\n\n\n\n\n<td>Discovery Package<\/td>\n\n\n\n\n\n\n\n\n<td align=\"center\">2354$<\/td>\n\n\n\n\n\n\n\n\n<td align=\"center\">Price \/ pers \/\u00a0 group of 4<\/td>\n\n\n\n\n<\/tr>\n\n\n\n\n--><\/tbody>\n<\/table>\n<p class=\"btn_contactez\"><a class=\"fusion-button button-flat fusion-button-round button-large button-default button-2\" href=\"https:\/\/domainepinegrove.com\/en\/contact-us\/\" target=\"_self\" rel=\"noopener noreferrer\"><span class=\"fusion-button-text\">Contact us<\/span><\/a><\/p>\n<hr \/>\n<p style=\"text-align: center;\">All prices are in Canadian dollars. Taxes and license are not included. Prices are subject to change without notice.<\/p>\n<p style=\"text-align: center;\">Deposit are non-refundable 30%. Packages (non-resident) is payable in full 30 days prior to arrival.<\/p>\n<p style=\"text-align: center;\">Visa, Mastercard, Cash<\/p>\n<p><img decoding=\"async\" class=\"aligncenter size-full wp-image-11842\" src=\"https:\/\/domainepinegrove.com\/wp-content\/uploads\/2016\/02\/visa_mastercard.png\" alt=\"visa_mastercard\" width=\"120\" height=\"36\" \/><\/p>\n<\/div><div class=\"fusion-clearfix\"><\/div><\/div><\/div><\/div><\/div>\n","protected":false},"excerpt":{"rendered":"","protected":false},"author":1,"featured_media":0,"parent":0,"menu_order":0,"comment_status":"open","ping_status":"open","template":"","meta":{"footnotes":""},"class_list":["post-12266","page","type-page","status-publish","hentry"],"yoast_head":"<!-- This site is optimized with the Yoast SEO plugin v25.8 - https:\/\/yoast.com\/wordpress\/plugins\/seo\/ -->\n<title>Rates - Domaine Pine grove - Baskatong - Qu\u00e9bec - Canada<\/title>\n<meta name=\"robots\" content=\"index, follow, max-snippet:-1, max-image-preview:large, max-video-preview:-1\" \/>\n<link rel=\"canonical\" href=\"https:\/\/domainepinegrove.com\/en\/rates-cottages-rentals-camping-equipment-rental-hunting-and-fishing-winter-outfitters-baskatong\/\" \/>\n<meta property=\"og:locale\" content=\"en_US\" \/>\n<meta property=\"og:type\" content=\"article\" \/>\n<meta property=\"og:title\" content=\"Rates - Domaine Pine grove - Baskatong - Qu\u00e9bec - Canada\" \/>\n<meta property=\"og:url\" content=\"https:\/\/domainepinegrove.com\/en\/rates-cottages-rentals-camping-equipment-rental-hunting-and-fishing-winter-outfitters-baskatong\/\" \/>\n<meta property=\"og:site_name\" content=\"Domaine Pine grove - Baskatong - Qu\u00e9bec - Canada\" \/>\n<meta property=\"article:modified_time\" content=\"2025-12-19T21:55:49+00:00\" \/>\n<meta name=\"twitter:card\" content=\"summary_large_image\" \/>\n<meta name=\"twitter:label1\" content=\"Est. reading time\" \/>\n\t<meta name=\"twitter:data1\" content=\"2 minutes\" \/>\n<script type=\"application\/ld+json\" class=\"yoast-schema-graph\">{\"@context\":\"https:\/\/schema.org\",\"@graph\":[{\"@type\":\"WebPage\",\"@id\":\"https:\/\/domainepinegrove.com\/en\/rates-cottages-rentals-camping-equipment-rental-hunting-and-fishing-winter-outfitters-baskatong\/\",\"url\":\"https:\/\/domainepinegrove.com\/en\/rates-cottages-rentals-camping-equipment-rental-hunting-and-fishing-winter-outfitters-baskatong\/\",\"name\":\"Rates - Domaine Pine grove - Baskatong - Qu\u00e9bec - Canada\",\"isPartOf\":{\"@id\":\"https:\/\/domainepinegrove.com\/#website\"},\"primaryImageOfPage\":{\"@id\":\"https:\/\/domainepinegrove.com\/en\/rates-cottages-rentals-camping-equipment-rental-hunting-and-fishing-winter-outfitters-baskatong\/#primaryimage\"},\"image\":{\"@id\":\"https:\/\/domainepinegrove.com\/en\/rates-cottages-rentals-camping-equipment-rental-hunting-and-fishing-winter-outfitters-baskatong\/#primaryimage\"},\"thumbnailUrl\":\"https:\/\/domainepinegrove.com\/wp-content\/uploads\/2016\/02\/domaine_pine_grove_logo.png\",\"datePublished\":\"2016-02-11T16:04:39+00:00\",\"dateModified\":\"2025-12-19T21:55:49+00:00\",\"breadcrumb\":{\"@id\":\"https:\/\/domainepinegrove.com\/en\/rates-cottages-rentals-camping-equipment-rental-hunting-and-fishing-winter-outfitters-baskatong\/#breadcrumb\"},\"inLanguage\":\"en-US\",\"potentialAction\":[{\"@type\":\"ReadAction\",\"target\":[\"https:\/\/domainepinegrove.com\/en\/rates-cottages-rentals-camping-equipment-rental-hunting-and-fishing-winter-outfitters-baskatong\/\"]}]},{\"@type\":\"ImageObject\",\"inLanguage\":\"en-US\",\"@id\":\"https:\/\/domainepinegrove.com\/en\/rates-cottages-rentals-camping-equipment-rental-hunting-and-fishing-winter-outfitters-baskatong\/#primaryimage\",\"url\":\"https:\/\/domainepinegrove.com\/wp-content\/uploads\/2016\/02\/domaine_pine_grove_logo.png\",\"contentUrl\":\"https:\/\/domainepinegrove.com\/wp-content\/uploads\/2016\/02\/domaine_pine_grove_logo.png\"},{\"@type\":\"BreadcrumbList\",\"@id\":\"https:\/\/domainepinegrove.com\/en\/rates-cottages-rentals-camping-equipment-rental-hunting-and-fishing-winter-outfitters-baskatong\/#breadcrumb\",\"itemListElement\":[{\"@type\":\"ListItem\",\"position\":1,\"name\":\"Accueil\",\"item\":\"https:\/\/domainepinegrove.com\/en\/\"},{\"@type\":\"ListItem\",\"position\":2,\"name\":\"Rates\"}]},{\"@type\":\"WebSite\",\"@id\":\"https:\/\/domainepinegrove.com\/#website\",\"url\":\"https:\/\/domainepinegrove.com\/\",\"name\":\"Domaine Pine grove - Baskatong - Qu\u00e9bec - Canada\",\"description\":\"Site de vill\u00e9giature et d&#039;activit\u00e9s de plein air sur les rives du Baskatong\",\"potentialAction\":[{\"@type\":\"SearchAction\",\"target\":{\"@type\":\"EntryPoint\",\"urlTemplate\":\"https:\/\/domainepinegrove.com\/?s={search_term_string}\"},\"query-input\":{\"@type\":\"PropertyValueSpecification\",\"valueRequired\":true,\"valueName\":\"search_term_string\"}}],\"inLanguage\":\"en-US\"}]}<\/script>\n<!-- \/ Yoast SEO plugin. -->","yoast_head_json":{"title":"Rates - Domaine Pine grove - Baskatong - Qu\u00e9bec - Canada","robots":{"index":"index","follow":"follow","max-snippet":"max-snippet:-1","max-image-preview":"max-image-preview:large","max-video-preview":"max-video-preview:-1"},"canonical":"https:\/\/domainepinegrove.com\/en\/rates-cottages-rentals-camping-equipment-rental-hunting-and-fishing-winter-outfitters-baskatong\/","og_locale":"en_US","og_type":"article","og_title":"Rates - Domaine Pine grove - Baskatong - Qu\u00e9bec - Canada","og_url":"https:\/\/domainepinegrove.com\/en\/rates-cottages-rentals-camping-equipment-rental-hunting-and-fishing-winter-outfitters-baskatong\/","og_site_name":"Domaine Pine grove - Baskatong - Qu\u00e9bec - Canada","article_modified_time":"2025-12-19T21:55:49+00:00","twitter_card":"summary_large_image","twitter_misc":{"Est. reading time":"2 minutes"},"schema":{"@context":"https:\/\/schema.org","@graph":[{"@type":"WebPage","@id":"https:\/\/domainepinegrove.com\/en\/rates-cottages-rentals-camping-equipment-rental-hunting-and-fishing-winter-outfitters-baskatong\/","url":"https:\/\/domainepinegrove.com\/en\/rates-cottages-rentals-camping-equipment-rental-hunting-and-fishing-winter-outfitters-baskatong\/","name":"Rates - Domaine Pine grove - Baskatong - Qu\u00e9bec - Canada","isPartOf":{"@id":"https:\/\/domainepinegrove.com\/#website"},"primaryImageOfPage":{"@id":"https:\/\/domainepinegrove.com\/en\/rates-cottages-rentals-camping-equipment-rental-hunting-and-fishing-winter-outfitters-baskatong\/#primaryimage"},"image":{"@id":"https:\/\/domainepinegrove.com\/en\/rates-cottages-rentals-camping-equipment-rental-hunting-and-fishing-winter-outfitters-baskatong\/#primaryimage"},"thumbnailUrl":"https:\/\/domainepinegrove.com\/wp-content\/uploads\/2016\/02\/domaine_pine_grove_logo.png","datePublished":"2016-02-11T16:04:39+00:00","dateModified":"2025-12-19T21:55:49+00:00","breadcrumb":{"@id":"https:\/\/domainepinegrove.com\/en\/rates-cottages-rentals-camping-equipment-rental-hunting-and-fishing-winter-outfitters-baskatong\/#breadcrumb"},"inLanguage":"en-US","potentialAction":[{"@type":"ReadAction","target":["https:\/\/domainepinegrove.com\/en\/rates-cottages-rentals-camping-equipment-rental-hunting-and-fishing-winter-outfitters-baskatong\/"]}]},{"@type":"ImageObject","inLanguage":"en-US","@id":"https:\/\/domainepinegrove.com\/en\/rates-cottages-rentals-camping-equipment-rental-hunting-and-fishing-winter-outfitters-baskatong\/#primaryimage","url":"https:\/\/domainepinegrove.com\/wp-content\/uploads\/2016\/02\/domaine_pine_grove_logo.png","contentUrl":"https:\/\/domainepinegrove.com\/wp-content\/uploads\/2016\/02\/domaine_pine_grove_logo.png"},{"@type":"BreadcrumbList","@id":"https:\/\/domainepinegrove.com\/en\/rates-cottages-rentals-camping-equipment-rental-hunting-and-fishing-winter-outfitters-baskatong\/#breadcrumb","itemListElement":[{"@type":"ListItem","position":1,"name":"Accueil","item":"https:\/\/domainepinegrove.com\/en\/"},{"@type":"ListItem","position":2,"name":"Rates"}]},{"@type":"WebSite","@id":"https:\/\/domainepinegrove.com\/#website","url":"https:\/\/domainepinegrove.com\/","name":"Domaine Pine grove - Baskatong - Qu\u00e9bec - Canada","description":"Site de vill\u00e9giature et d&#039;activit\u00e9s de plein air sur les rives du Baskatong","potentialAction":[{"@type":"SearchAction","target":{"@type":"EntryPoint","urlTemplate":"https:\/\/domainepinegrove.com\/?s={search_term_string}"},"query-input":{"@type":"PropertyValueSpecification","valueRequired":true,"valueName":"search_term_string"}}],"inLanguage":"en-US"}]}},"_links":{"self":[{"href":"https:\/\/domainepinegrove.com\/en\/wp-json\/wp\/v2\/pages\/12266","targetHints":{"allow":["GET"]}}],"collection":[{"href":"https:\/\/domainepinegrove.com\/en\/wp-json\/wp\/v2\/pages"}],"about":[{"href":"https:\/\/domainepinegrove.com\/en\/wp-json\/wp\/v2\/types\/page"}],"author":[{"embeddable":true,"href":"https:\/\/domainepinegrove.com\/en\/wp-json\/wp\/v2\/users\/1"}],"replies":[{"embeddable":true,"href":"https:\/\/domainepinegrove.com\/en\/wp-json\/wp\/v2\/comments?post=12266"}],"version-history":[{"count":35,"href":"https:\/\/domainepinegrove.com\/en\/wp-json\/wp\/v2\/pages\/12266\/revisions"}],"predecessor-version":[{"id":18550,"href":"https:\/\/domainepinegrove.com\/en\/wp-json\/wp\/v2\/pages\/12266\/revisions\/18550"}],"wp:attachment":[{"href":"https:\/\/domainepinegrove.com\/en\/wp-json\/wp\/v2\/media?parent=12266"}],"curies":[{"name":"wp","href":"https:\/\/api.w.org\/{rel}","templated":true}]}}