{"id":16332,"date":"2023-12-19T16:13:59","date_gmt":"2023-12-19T21:13:59","guid":{"rendered":"https:\/\/domainepinegrove.com\/?page_id=16332"},"modified":"2023-12-19T16:22:43","modified_gmt":"2023-12-19T21:22:43","slug":"privacy-policy","status":"publish","type":"page","link":"https:\/\/domainepinegrove.com\/en\/privacy-policy\/","title":{"rendered":"Privacy policy"},"content":{"rendered":"<div class=\"page_confi\">\n<p><strong>Introduction<\/strong><\/p>\n<p>As new communication tools develop, we need to pay particular attention to the protection of privacy. For this reason, we are committed to keeping the personal information we collect confidential.<\/p>\n<h2>Personal information collection<\/h2>\n<ul>\n<li>First name, last name<\/li>\n<li>Email address<\/li>\n<li>Phone number<\/li>\n<\/ul>\n<p>The personal information we collect is gathered via forms and by means of the interactivity between you and our website. As indicated in the following section, we also use cookies and\/or log files to gather informations about you.<\/p>\n<h2>Forms and interactivity<\/h2>\n<p>Your personal information is collected via the following forms:<\/p>\n<ul>\n<li>Reservation and information form<\/li>\n<\/ul>\n<p>We use the information collected for the following purposes:<\/p>\n<ul>\n<li>To answer your questions<\/li>\n<li>Confirm your reservation<\/li>\n<\/ul>\n<h2>Objection and withdrawal rights<\/h2>\n<p>We are committed to offering you the right to object and withdraw access to your personal information.<\/p>\n<p>The right of objection is understood to be the possibility offered to Internet users to refuse that their personal information be used for certain purposes mentioned at the time of collection.<\/p>\n<p>The right of withdrawal is understood to be the possibility offered to Internet users to request that their personal information no longer appear, for example, on a mailing list.<\/p>\n<p><strong>To exercise these rights, please contact:<\/strong><\/p>\n<p>Catherine Plouffe<br \/> Email:&nbsp; info@domainepinegrove.com<br \/> Phone number:&nbsp; 819-438-2067<\/p>\n<h2>Right of access<\/h2>\n<p>We agree to grant a right of access and rectification to those who wish to review, modify or delete their personal information.<\/p>\n<p><strong>To exercise these rights, please contact:<\/strong><\/p>\n<p>Catherine Plouffe<br \/> Email:&nbsp; info@domainepinegrove.com<br \/> Phone number:&nbsp; 819-438-2067<\/p>\n<h2>Security<\/h2>\n<p>The personal information we collect is kept in a secure environment. All persons working for us are required to respect the confidentiality of your information.<\/p>\n<p>To ensure the security of your personal information, we use the following measures:<\/p>\n<ul>\n<li>SSL protocol<\/li>\n<\/ul>\n<p>We are committed to maintaining a high level of privacy by integrating the latest technological innovations to ensure the confidentiality of your transactions. However, since no mechanism offers maximum security, there is always an element of risk when using the Internet to transmit personal information.<\/p>\n<h2>Legislation<\/h2>\n<p>We hereby confirm that we comply with the legislative provisions set out in the:<\/p>\n<p>Privacy Act<\/p>\n<\/p><\/div>\n","protected":false},"excerpt":{"rendered":"<p>Introduction As new communication tools develop, we need to pay particular attention to the protection of privacy. For this reason, we are committed to keeping the personal information we collect confidential. Personal information collection First name, last name Email address Phone number The personal information we collect is gathered via forms and by means of  [&#8230;]<\/p>\n","protected":false},"author":1,"featured_media":0,"parent":0,"menu_order":0,"comment_status":"closed","ping_status":"closed","template":"","meta":{"footnotes":""},"class_list":["post-16332","page","type-page","status-publish","hentry"],"yoast_head":"<!-- This site is optimized with the Yoast SEO plugin v25.8 - https:\/\/yoast.com\/wordpress\/plugins\/seo\/ -->\n<title>Privacy policy - Domaine Pine grove - Baskatong - Qu\u00e9bec - Canada<\/title>\n<meta name=\"robots\" content=\"index, follow, max-snippet:-1, max-image-preview:large, max-video-preview:-1\" \/>\n<link rel=\"canonical\" href=\"https:\/\/domainepinegrove.com\/en\/privacy-policy\/\" \/>\n<meta property=\"og:locale\" content=\"en_US\" \/>\n<meta property=\"og:type\" content=\"article\" \/>\n<meta property=\"og:title\" content=\"Privacy policy - Domaine Pine grove - Baskatong - Qu\u00e9bec - Canada\" \/>\n<meta property=\"og:description\" content=\"Introduction As new communication tools develop, we need to pay particular attention to the protection of privacy. For this reason, we are committed to keeping the personal information we collect confidential. Personal information collection First name, last name Email address Phone number The personal information we collect is gathered via forms and by means of [...]\" \/>\n<meta property=\"og:url\" content=\"https:\/\/domainepinegrove.com\/en\/privacy-policy\/\" \/>\n<meta property=\"og:site_name\" content=\"Domaine Pine grove - Baskatong - Qu\u00e9bec - Canada\" \/>\n<meta property=\"article:modified_time\" content=\"2023-12-19T21:22:43+00:00\" \/>\n<meta name=\"twitter:card\" content=\"summary_large_image\" \/>\n<meta name=\"twitter:label1\" content=\"Est. reading time\" \/>\n\t<meta name=\"twitter:data1\" content=\"2 minutes\" \/>\n<script type=\"application\/ld+json\" class=\"yoast-schema-graph\">{\"@context\":\"https:\/\/schema.org\",\"@graph\":[{\"@type\":\"WebPage\",\"@id\":\"https:\/\/domainepinegrove.com\/en\/privacy-policy\/\",\"url\":\"https:\/\/domainepinegrove.com\/en\/privacy-policy\/\",\"name\":\"Privacy policy - Domaine Pine grove - Baskatong - Qu\u00e9bec - Canada\",\"isPartOf\":{\"@id\":\"https:\/\/domainepinegrove.com\/#website\"},\"datePublished\":\"2023-12-19T21:13:59+00:00\",\"dateModified\":\"2023-12-19T21:22:43+00:00\",\"breadcrumb\":{\"@id\":\"https:\/\/domainepinegrove.com\/en\/privacy-policy\/#breadcrumb\"},\"inLanguage\":\"en-US\",\"potentialAction\":[{\"@type\":\"ReadAction\",\"target\":[\"https:\/\/domainepinegrove.com\/en\/privacy-policy\/\"]}]},{\"@type\":\"BreadcrumbList\",\"@id\":\"https:\/\/domainepinegrove.com\/en\/privacy-policy\/#breadcrumb\",\"itemListElement\":[{\"@type\":\"ListItem\",\"position\":1,\"name\":\"Accueil\",\"item\":\"https:\/\/domainepinegrove.com\/en\/\"},{\"@type\":\"ListItem\",\"position\":2,\"name\":\"Privacy policy\"}]},{\"@type\":\"WebSite\",\"@id\":\"https:\/\/domainepinegrove.com\/#website\",\"url\":\"https:\/\/domainepinegrove.com\/\",\"name\":\"Domaine Pine grove - Baskatong - Qu\u00e9bec - Canada\",\"description\":\"Site de vill\u00e9giature et d&#039;activit\u00e9s de plein air sur les rives du Baskatong\",\"potentialAction\":[{\"@type\":\"SearchAction\",\"target\":{\"@type\":\"EntryPoint\",\"urlTemplate\":\"https:\/\/domainepinegrove.com\/?s={search_term_string}\"},\"query-input\":{\"@type\":\"PropertyValueSpecification\",\"valueRequired\":true,\"valueName\":\"search_term_string\"}}],\"inLanguage\":\"en-US\"}]}<\/script>\n<!-- \/ Yoast SEO plugin. -->","yoast_head_json":{"title":"Privacy policy - Domaine Pine grove - Baskatong - Qu\u00e9bec - Canada","robots":{"index":"index","follow":"follow","max-snippet":"max-snippet:-1","max-image-preview":"max-image-preview:large","max-video-preview":"max-video-preview:-1"},"canonical":"https:\/\/domainepinegrove.com\/en\/privacy-policy\/","og_locale":"en_US","og_type":"article","og_title":"Privacy policy - Domaine Pine grove - Baskatong - Qu\u00e9bec - Canada","og_description":"Introduction As new communication tools develop, we need to pay particular attention to the protection of privacy. For this reason, we are committed to keeping the personal information we collect confidential. Personal information collection First name, last name Email address Phone number The personal information we collect is gathered via forms and by means of [...]","og_url":"https:\/\/domainepinegrove.com\/en\/privacy-policy\/","og_site_name":"Domaine Pine grove - Baskatong - Qu\u00e9bec - Canada","article_modified_time":"2023-12-19T21:22:43+00:00","twitter_card":"summary_large_image","twitter_misc":{"Est. reading time":"2 minutes"},"schema":{"@context":"https:\/\/schema.org","@graph":[{"@type":"WebPage","@id":"https:\/\/domainepinegrove.com\/en\/privacy-policy\/","url":"https:\/\/domainepinegrove.com\/en\/privacy-policy\/","name":"Privacy policy - Domaine Pine grove - Baskatong - Qu\u00e9bec - Canada","isPartOf":{"@id":"https:\/\/domainepinegrove.com\/#website"},"datePublished":"2023-12-19T21:13:59+00:00","dateModified":"2023-12-19T21:22:43+00:00","breadcrumb":{"@id":"https:\/\/domainepinegrove.com\/en\/privacy-policy\/#breadcrumb"},"inLanguage":"en-US","potentialAction":[{"@type":"ReadAction","target":["https:\/\/domainepinegrove.com\/en\/privacy-policy\/"]}]},{"@type":"BreadcrumbList","@id":"https:\/\/domainepinegrove.com\/en\/privacy-policy\/#breadcrumb","itemListElement":[{"@type":"ListItem","position":1,"name":"Accueil","item":"https:\/\/domainepinegrove.com\/en\/"},{"@type":"ListItem","position":2,"name":"Privacy policy"}]},{"@type":"WebSite","@id":"https:\/\/domainepinegrove.com\/#website","url":"https:\/\/domainepinegrove.com\/","name":"Domaine Pine grove - Baskatong - Qu\u00e9bec - Canada","description":"Site de vill\u00e9giature et d&#039;activit\u00e9s de plein air sur les rives du Baskatong","potentialAction":[{"@type":"SearchAction","target":{"@type":"EntryPoint","urlTemplate":"https:\/\/domainepinegrove.com\/?s={search_term_string}"},"query-input":{"@type":"PropertyValueSpecification","valueRequired":true,"valueName":"search_term_string"}}],"inLanguage":"en-US"}]}},"_links":{"self":[{"href":"https:\/\/domainepinegrove.com\/en\/wp-json\/wp\/v2\/pages\/16332","targetHints":{"allow":["GET"]}}],"collection":[{"href":"https:\/\/domainepinegrove.com\/en\/wp-json\/wp\/v2\/pages"}],"about":[{"href":"https:\/\/domainepinegrove.com\/en\/wp-json\/wp\/v2\/types\/page"}],"author":[{"embeddable":true,"href":"https:\/\/domainepinegrove.com\/en\/wp-json\/wp\/v2\/users\/1"}],"replies":[{"embeddable":true,"href":"https:\/\/domainepinegrove.com\/en\/wp-json\/wp\/v2\/comments?post=16332"}],"version-history":[{"count":3,"href":"https:\/\/domainepinegrove.com\/en\/wp-json\/wp\/v2\/pages\/16332\/revisions"}],"predecessor-version":[{"id":16337,"href":"https:\/\/domainepinegrove.com\/en\/wp-json\/wp\/v2\/pages\/16332\/revisions\/16337"}],"wp:attachment":[{"href":"https:\/\/domainepinegrove.com\/en\/wp-json\/wp\/v2\/media?parent=16332"}],"curies":[{"name":"wp","href":"https:\/\/api.w.org\/{rel}","templated":true}]}}